{"id":2916,"date":"2021-03-30T22:41:28","date_gmt":"2021-03-30T19:41:28","guid":{"rendered":"https:\/\/cherrymoon.eu\/?page_id=2916"},"modified":"2021-04-06T16:15:50","modified_gmt":"2021-04-06T13:15:50","slug":"privacy-and-cookies-policy","status":"publish","type":"page","link":"https:\/\/cherrymoon.eu\/sk\/privacy-and-cookies-policy\/","title":{"rendered":"Ochrana osobn\u00fdch \u00fadajov"},"content":{"rendered":"<h1>GDPR s\u00fahlas so spracovan\u00edm osobn\u00fdch \u00fadajov<\/h1>\n\n\n\n<h1>INFORM\u00c1CIE PRE Z\u00c1KAZN\u00cdKOV O SPRACOVAN\u00cd OSOBN\u00ddCH \u00daDAJOV<\/h1>\n\n\n\n<p>Ochrana d\u00e1t, a predov\u0161etk\u00fdm osobn\u00fdch \u00fadajov, V\u00e1s ako kupuj\u00facich, je pre n\u00e1s ve\u013emi d\u00f4le\u017eit\u00e1.<\/p>\n\n\n\n<p>My, <strong>Yevgen Boyarchuk<\/strong>, so s\u00eddlom 83106 Bratislava-Ra\u010da, Karpatsk\u00e9 n\u00e1mestie 7770\/10A. E-mail: <a href=\"mailto: store@metal-shop.eu\">kate.cherrymoon@gmail.com<\/a>, tel.: +421949749746 (\u010falej len \u201espolo\u010dnos\u0165\u201c alebo \u201emy\u201c)  ako prev\u00e1dzkovatelia elektronick\u00e9ho obchodu cherrymoon.eu (\"obchod\"),<br>rob\u00edme v\u0161etko preto, aby Va\u0161e osobn\u00e9 \u00fadaje boli v bezpe\u010d\u00ed a boli spracovan\u00e9 v s\u00falade s pr\u00e1vnymi predpismi. Neoddelite\u013enou s\u00fa\u010das\u0165ou spr\u00e1vneho spracovania je informovanos\u0165 a transparentnos\u0165. Pr\u00e1ve v tomto z\u00e1ujme by sme V\u00e1s radi informovali, jednak o spracovan\u00ed Va\u0161ich osobn\u00fdch \u00fadajov a \u010falej o Va\u0161ich s\u00favisiacich pr\u00e1vach.<\/p>\n\n\n\n<h2>1. \u00da\u010cELY SPRACOVANIA A PR\u00c1VNY Z\u00c1KLAD SPRACOVANIA<\/h2>\n\n\n\n<p>Va\u0161e osobn\u00e9 \u00fadaje budeme spracov\u00e1va\u0165 za \u00fa\u010delom realiz\u00e1cie k\u00fapnej zmluvy, teda za \u00fa\u010delom:<\/p>\n\n\n\n<ul><li>zaistenia vybavenia objedn\u00e1vky;<\/li><li>zaistenia doru\u010denia tovaru;<\/li><li>plnenia pr\u00e1v vypl\u00fdvaj\u00facich z chybn\u00e9ho plnenia, \u010di n\u00e1hrady \u0161kody;<\/li><li>plnenia na\u0161ich z\u00e1konn\u00fdch povinnost\u00ed najm\u00e4 vo vz\u0165ahu k vedeniu \u00fa\u010dtovn\u00edctva;<\/li><\/ul>\n\n\n\n<p>Pr\u00e1vnym z\u00e1kladom spracovania je plnenie zmluvy uzatvorenej medzi na\u0161ou spolo\u010dnos\u0165ou a Vami a \u010falej aj plnenie z\u00e1konn\u00fdch povinnost\u00ed vypl\u00fdvaj\u00facich najm\u00e4 z ob\u010dianskeho z\u00e1konn\u00edka. <\/p>\n\n\n\n<h2>2. KATEG\u00d3RIA DOTKNUT\u00ddCH OSOBN\u00ddCH \u00daDAJOV<\/h2>\n\n\n\n<p>Za \u00fa\u010delom vybavenia Va\u0161ej objedn\u00e1vky, zaistenia doru\u010denia tovaru a plnenie \u010fal\u0161\u00edch pr\u00e1v s t\u00fdm s\u00favisiacich budeme spracov\u00e1va\u0165 Va\u0161e: meno a priezvisko, telef\u00f3nne \u010d\u00edslo a e-mail, adresu, doru\u010dovaciu adresu, obsah Va\u0161ej objedn\u00e1vky a \u00fadaje s\u00favisiace s objedn\u00e1vkou a jej vybaven\u00edm, \u010falej v pr\u00edpade n\u00e1kupu pre firmu jej n\u00e1zov, I\u010cO a DI\u010c. V s\u00favislosti s reklam\u00e1ciou m\u00f4\u017eeme spracov\u00e1va\u0165 inform\u00e1cie o vade.<\/p>\n\n\n\n<h2>3. COOKIES<\/h2>\n\n\n\n<p>Ako ste si v\u0161imli pri vstupe, n\u00e1\u0161 obchod pou\u017e\u00edva cookies, ktor\u00e9 v spojen\u00ed s \u010fal\u0161\u00edmi inform\u00e1ciami m\u00f4\u017eu by\u0165 pova\u017eovan\u00e9 za ur\u010dit\u00fdch okolnost\u00ed za osobn\u00fd \u00fadaj. Nie je na\u0161\u00edm z\u00e1ujmom, aby tieto okolnosti nastali a m\u00e1me za to, \u017ee cookies sa pri nami vykon\u00e1vanom nakladan\u00ed nest\u00e1vaj\u00fa osobn\u00fdmi \u00fadajmi, ale pre Va\u0161u pln\u00fa informovanos\u0165 zah\u0155\u0148ame inform\u00e1ciu o cookies aj do tohto dokumentu.<\/p>\n\n\n\n<p>Cookies s\u00fa mal\u00e9 inform\u00e1cie posielan\u00e9 cez internetov\u00e9 str\u00e1nky, ktor\u00e9 sa ulo\u017eia vo Va\u0161om zariaden\u00ed (po\u010d\u00edta\u010d, telef\u00f3n, at\u010f.), a prostredn\u00edctvom ktor\u00fdch je umo\u017enen\u00e1 prev\u00e1dzka obchodu, ako aj jeho pohodln\u00e9 fungovanie. Niektor\u00e9 cookies n\u00e1m taktie\u017e umo\u017e\u0148uj\u00fa zefekt\u00edvni\u0165 ponuku produktov alebo n\u00e1m poskytuj\u00fa niektor\u00e9 \u0161tatistick\u00e9 \u00fadaje o prev\u00e1dzke obchodu.<\/p>\n\n\n\n<h2>4.PR\u00cdJEMCI OSOBN\u00ddCH \u00daDAJOV A PREDANIE DO TRET\u00cdCH \u0160T\u00c1TOV<\/h2>\n\n\n\n<p>Va\u0161e osobn\u00e9 \u00fadaje bez \u010fal\u0161ieho s\u00fahlasu neposkytujeme ani nespr\u00edstupn\u00edme tret\u00edm osob\u00e1m s v\u00fdnimkami, ktor\u00e9 uv\u00e1dzame ni\u017e\u0161ie. Va\u0161e osobn\u00e9 \u00fadaje m\u00f4\u017eeme odovzda\u0165 \u0161t\u00e1tnemu org\u00e1nu, ak n\u00e1m to uklad\u00e1 z\u00e1kon (napr. Pol\u00edcii SR).<\/p>\n\n\n\n<p>\u010ealej m\u00f4\u017eu by\u0165 Va\u0161e osobn\u00e9 \u00fadaje spracov\u00e1van\u00e9 spracovate\u013eom spolo\u010dnosti Google Group Companies, in particular Google Commerce Limited,based in 70 Sir John Rogerson\u2019s Quay, 2 Dublin, Ireland and companies Google Inc., based in 1600 Amphitheatre Parkway, Mountain View, CA 94043, USA; Dublin 2 Ireland; Company Facebook Ireland Ltd., based in 4 Grand Canal Square, Grand Canal Harbour, Dublin 2, Ireland which will process the personal data in accrdance witch Privacy Policy (https:\/\/www.facebook.com\/policy.php); Company PayPal (Europe), based in S.\u00e0.r.l. et Cie, S.C.A., 22-24 Boulevard Royal L-2449, Luxembourg.<\/p>\n\n\n\n<p>Osobn\u00e9 \u00fadaje nepred\u00e1me do \u017eiadnej tretej krajiny alebo medzin\u00e1rodnej organiz\u00e1cii, ktor\u00e9 neposkytuj\u00fa primeran\u00fa ochranu osobn\u00fdch \u00fadajov. V\u00fdnimkou m\u00f4\u017ee by\u0165, v pr\u00edpade prev\u00e1dzkovate\u013eov niektor\u00fdch n\u00e1strojov spojen\u00fdch s prev\u00e1dzkou internetov\u00fdch str\u00e1nok, odovzdanie do Spojen\u00fdch \u0161t\u00e1tov. V tomto pr\u00edpade v\u0161ak tak\u00e9to osoby v\u017edy sp\u013a\u0148aj\u00fa podmienky EU - US Privacy Shield, \u010do je medzin\u00e1rodn\u00fd pr\u00e1vny r\u00e1mec, ktor\u00fd zais\u0165uje zodpovedaj\u00faci \u0161tandard nakladania s osobn\u00fdmi \u00fadajmi a ich ochrany aj v Spojen\u00fdch \u0161t\u00e1toch Americk\u00fdch. O tomto mechanizme si m\u00f4\u017eete viac pre\u010d\u00edta\u0165 tu: <a href=\"https:\/\/www.privacyshield.gov\">https:\/\/www.privacyshield.gov<\/a><\/p>\n\n\n\n<h2>5. INFORM\u00c1CIE O SPRACOVAN\u00cd<\/h2>\n\n\n\n<p>Va\u0161e osobn\u00e9 \u00fadaje sme dostali iba od V\u00e1s. Poskytnutie osobn\u00fdch \u00fadajov je \u00faplne dobrovo\u013en\u00e9, preto\u017ee uzavretie akejko\u013evek zmluvy s nami je \u00faplne dobrovo\u013en\u00e9. Ak by ste n\u00e1m neposkytli aspo\u0148 povinn\u00e9 minimum \u00fadajov, nebudeme schopn\u00ed V\u00e1m tovar doda\u0165 a obchod realizova\u0165. V s\u00favislosti s cookies nezabudnite na na\u0161u prepracovan\u00fa cookies li\u0161tu, ktor\u00e1 V\u00e1m umo\u017en\u00ed nastavi\u0165 si pou\u017e\u00edvanie cookies tak, aby to vyhovovalo va\u0161im po\u017eiadavk\u00e1m. Pou\u017e\u00edvanie cookies, ktor\u00e9 nie s\u00fa nevyhnutn\u00e9 pre prev\u00e1dzku obchodu je tie\u017e \u00faplne dobrovo\u013en\u00e9. Osobn\u00e9 \u00fadaje bud\u00fa spracov\u00e1van\u00e9 (ulo\u017een\u00e9) len po dobu nevyhnutne nutn\u00fa. Osobn\u00e9 \u00fadaje, ktor\u00fdch spracovanie vy\u017eaduje z\u00e1kon spracov\u00e1vame po dobu, po ktor\u00fa to z\u00e1kon vy\u017eaduje. Osobn\u00e9 \u00fadaje t\u00fdkaj\u00face sa plnenia z uzatvorenej zmluvy a \u010fal\u0161\u00edch s\u00favisiacich pr\u00e1v a povinnost\u00ed budeme uchov\u00e1va\u0165 len po dobu, po\u010das ktorej bud\u00fa m\u00f4c\u0165 by\u0165 tieto s\u00favisiace pr\u00e1va a povinnosti vym\u00e1hate\u013en\u00e9 na s\u00fade, teda spravidla 3 roky od vybavenia objedn\u00e1vky alebo vysporiadania posledn\u00fdch n\u00e1rokov z nej plyn\u00facich. V r\u00e1mci spracovania osobn\u00fdch \u00fadajov nedoch\u00e1dza k automatizovan\u00e9mu rozhodovaniu. V r\u00e1mci pou\u017e\u00edvania cookies a uveden\u00fdch obdobn\u00fdch modern\u00fdch prostriedkov optimalizuj\u00facich V\u00e1\u0161 z\u00e1\u017eitok z pou\u017e\u00edvania n\u00e1\u0161ho obchodu sa m\u00f4\u017eu vyv\u00edja\u0165 ist\u00e9 formy profilu vych\u00e1dzaj\u00faceho z pou\u017e\u00edvania internetovej str\u00e1nky, ktor\u00fd n\u00e1m sl\u00fa\u017ei predov\u0161etk\u00fdm k ponuke v\u00fdrobkov, ktor\u00e9 by V\u00e1s mohli zauj\u00edma\u0165. Na z\u00e1klade tohto profilu, ale nedoch\u00e1dza ani k \u017eiadnom rozhodnutiam, ani k ak\u00fdmko\u013evek \u010fal\u0161\u00edm pr\u00e1vnym n\u00e1sledkom. S oh\u013eadom na to, \u017ee tieto inform\u00e1cie, ktor\u00e9 z V\u00e1\u0161ho pou\u017e\u00edvania str\u00e1nky z\u00edskavame, s\u00fa zalo\u017een\u00e9 na cookies, m\u00f4\u017eete ich spracovanie ovplyvni\u0165, \u010di u\u017e spom\u00ednanou prepracovanou cookies li\u0161tou, tak prostredn\u00edctvom nastaven\u00ed V\u00e1\u0161ho internetov\u00e9ho prehliada\u010da. Po skon\u010den\u00ed doby spracovania s\u00fa potom osobn\u00e9 \u00fadaje bez odkladu zlikvidovan\u00e9.<\/p>","protected":false},"excerpt":{"rendered":"<p>GDPR Personal Data Processing Agreement CUSTOMER INFORMATION ABOUT PERSONAL DATA PROCESSING We are very happy&hellip;<\/p>","protected":false},"author":1,"featured_media":0,"parent":0,"menu_order":0,"comment_status":"closed","ping_status":"closed","template":"","meta":[],"_links":{"self":[{"href":"https:\/\/cherrymoon.eu\/sk\/wp-json\/wp\/v2\/pages\/2916"}],"collection":[{"href":"https:\/\/cherrymoon.eu\/sk\/wp-json\/wp\/v2\/pages"}],"about":[{"href":"https:\/\/cherrymoon.eu\/sk\/wp-json\/wp\/v2\/types\/page"}],"author":[{"embeddable":true,"href":"https:\/\/cherrymoon.eu\/sk\/wp-json\/wp\/v2\/users\/1"}],"replies":[{"embeddable":true,"href":"https:\/\/cherrymoon.eu\/sk\/wp-json\/wp\/v2\/comments?post=2916"}],"version-history":[{"count":8,"href":"https:\/\/cherrymoon.eu\/sk\/wp-json\/wp\/v2\/pages\/2916\/revisions"}],"predecessor-version":[{"id":3066,"href":"https:\/\/cherrymoon.eu\/sk\/wp-json\/wp\/v2\/pages\/2916\/revisions\/3066"}],"wp:attachment":[{"href":"https:\/\/cherrymoon.eu\/sk\/wp-json\/wp\/v2\/media?parent=2916"}],"curies":[{"name":"wp","href":"https:\/\/api.w.org\/{rel}","templated":true}]}}