{"id":3052,"date":"2021-04-06T14:49:22","date_gmt":"2021-04-06T12:49:22","guid":{"rendered":"https:\/\/cherrymoon.eu\/?page_id=3052"},"modified":"2021-07-13T22:46:54","modified_gmt":"2021-07-13T20:46:54","slug":"vseobecne-obchodne-podmienky","status":"publish","type":"page","link":"https:\/\/cherrymoon.eu\/sk\/vseobecne-obchodne-podmienky\/","title":{"rendered":"Obchodn\u00e9 podmienky"},"content":{"rendered":"<p>Pred\u00e1vaj\u00faci:<\/p>\n\n\n\n<p>Yevgen Boyarchuk, zap\u00edsan\u00fd v \u017eivnostenskom registri vedenom Okresn\u00fdm \u00faradom Bratislava, \u010d\u00edslo \u017eivnostensk\u00e9ho registra: 110-285794, I\u010cO: 47507047 so s\u00eddlom 83106 Bratislava-Ra\u010da, Karpatsk\u00e9 n\u00e1mestie 7770\/10A.<br>IBAN: SK2183605207004206760492<\/p>\n\n\n\n<p>Kupuj\u00faci&nbsp;je osoba (spolo\u010dnos\u0165), ktor\u00e1 si vybrala a zaplatila za slu\u017eby alebo tovar na webovej str\u00e1nke <a href=\"https:\/\/cherrymoon.eu\/sk\/\">www.cherrymoon.eu<\/a><br><\/p>\n\n\n\n<h3>Objedn\u00e1vka<\/h3>\n\n\n\n<ol><li>Spotrebite\u013e objedn\u00e1va v\u00fdrobky a slu\u017eby pred\u00e1vaj\u00faceho prostredn\u00edctvom obchodn\u00e9ho syst\u00e9mu na <a href=\"https:\/\/cherrymoon.eu\/sk\/\" data-type=\"URL\" data-id=\"www.cherrymoon.eu\">www.cherrymoon.eu <\/a>p\u00edsomnou formou: e-mailom, vr\u00e1tane objedn\u00e1vky prostredn\u00edctvom eshopu.&nbsp; Takto vykonan\u00e1 objedn\u00e1vka sa pova\u017euje za z\u00e1v\u00e4zn\u00fa a je v s\u00falade so z\u00e1konom \u010d. 102\/2014 Z.z. v znen\u00ed neskor\u0161\u00edch zmien a predpisov ch\u00e1pan\u00e1 ako zmluva uzavieran\u00e1 na dia\u013eku.<\/li><li>&nbsp;Pri ka\u017edej objedn\u00e1vke mus\u00ed spotrebite\u013e uvies\u0165 meno a priezvisko, po\u0161tov\u00fa a faktura\u010dn\u00fa adresu, telef\u00f3nne &nbsp;\u010d\u00edslo, e-mail; fyzick\u00e1 a pr\u00e1vnick\u00e1 osoba podnikate\u013e aj I\u010cO, DI\u010c, I\u010c DPH, n\u00e1zov tovaru, popis tovaru, po\u010det kusov, d\u00e1tum objedn\u00e1vky (objedn\u00e1vka prostredn\u00edctvom eshopu tieto podmienky sp\u013a\u0148a automaticky). Tieto \u00fadaje bud\u00fa v zmysle z\u00e1kona o ochrane osobn\u00fdch \u00fadajov \u010d. 428\/2002 Z.z. pou\u017eit\u00e9 iba v r\u00e1mci obchodn\u00e9ho vz\u0165ahu medzi pred\u00e1vaj\u00facim a spotrebite\u013eom a nebud\u00fa poskytnut\u00e9 tretej osobe (s v\u00fdnimkou osoby zabezpe\u010duj\u00facej prepravu tovaru alebo Slovenskej po\u0161ty).<\/li><li>&nbsp;Po doru\u010den\u00ed objedn\u00e1vky bude t\u00e1to objedn\u00e1vka zaevidovan\u00e1 v syst\u00e9me pred\u00e1vaj\u00faceho a vtedy z\u00e1rove\u0148 vznik\u00e1 obchodn\u00fd vz\u0165ah medzi pred\u00e1vaj\u00facim a spotrebite\u013eom. Najnesk\u00f4r do 24 hod\u00edn (v pracovn\u00e9 dni) sa pred\u00e1vaj\u00faci skontaktuje so spotrebite\u013eom. Potvrd\u00ed objedn\u00e1vku, sp\u00f4sob dopravy a ozn\u00e1mi mo\u017en\u00fa dodaciu dobu, kone\u010dn\u00fa cenu a sp\u00f4sob \u00fahrady za tovar. Od tohto term\u00ednu je objedn\u00e1vka pre spotrebite\u013ea z\u00e1v\u00e4zn\u00e1. Po potvrden\u00ed objedn\u00e1vky V\u00e1m garantujeme v\u00fd\u0161ku ceny za v\u00fdrobok.&nbsp;&nbsp;<\/li><li>Spotrebite\u013e m\u00e1 pr\u00e1vo&nbsp;<strong>stornova\u0165 objedn\u00e1vku bez poplatku do<\/strong>&nbsp;<strong>14 kalend\u00e1rnych dn\u00ed&nbsp;<\/strong>odo d\u0148a prevzatia tovaru alebo od uzavretia zmluvy o poskytnut\u00ed slu\u017eby. V zmysle ustanovenia \u00a7&nbsp;7 z\u00e1kona&nbsp;O ochrane spotrebite\u013ea pri podomovom predaji a z\u00e1sielkovom predaji (z\u00e1kon \u010d. 102\/2014 Z. z.) m\u00e1 kupuj\u00faci pr\u00e1vo od takto uzavretej zmluvy odst\u00fapi\u0165 bez uvedenia d\u00f4vodu do&nbsp;14&nbsp;kalend\u00e1rnych&nbsp;dn\u00ed odo d\u0148a prevzatia tovaru alebo od uzavretia zmluvy o poskytnut\u00ed slu\u017eby, pri\u010dom je nevyhnutn\u00e9, aby bol v uvedenej lehote doru\u010den\u00fd list o odst\u00fapen\u00ed od zmluvy pred\u00e1vaj\u00facemu. Toto pr\u00e1vo m\u00e1 kupuj\u00faci&nbsp;aj v pr\u00edpade, ak si tovar objednan\u00fd prostredn\u00edctvom internetu vyzdvihol osobne v priestoroch v\u00fddajn\u00e9ho miesta pred\u00e1vaj\u00faceho.<\/li><\/ol>\n\n\n\n<h3>I. Dodacie lehoty<\/h3>\n\n\n\n<ol><li>Po obd\u0155\u017ean\u00ed objedn\u00e1vky V\u00e1m bude tovar dodan\u00fd v \u010do najkrat\u0161om term\u00edne. Objedn\u00e1vky vybavujeme spravidla do 24 hod\u00edn, po\u0161ta V\u00e1m z\u00e1sielku doru\u010d\u00ed do 1-3 pracovn\u00fdch dn\u00ed, ak je tovar ihne\u010f k odoslaniu. <\/li><li>Term\u00edn dod\u00e1vky tovaru bude v\u017edy ozn\u00e1men\u00fd spotrebite\u013eovi pri potvrden\u00ed objedn\u00e1vky. Po odoslan\u00ed va\u0161ej objedn\u00e1vky, V\u00e1m po\u0161leme potvrdzuj\u00faci mail, v pr\u00edpade, \u017ee V\u00e1m tovar do 10&nbsp;pracovn\u00fdch dn\u00ed&nbsp;od odoslania nebude doru\u010den\u00fd, kontaktujte n\u00e1s. Pomocou \u010d\u00edsla z\u00e1sielky, ju n\u00e1jdeme a probl\u00e9m vyrie\u0161ime.<\/li><\/ol>\n\n\n\n<h3>II. Cena, platobn\u00e9 podmienky a&nbsp;prepravn\u00e9<\/h3>\n\n\n\n<ol><li>Cena produktu je stanoven\u00e1 cenn\u00edkom pred\u00e1vaj\u00faceho. Ceny uveden\u00e9 v cenn\u00edku m\u00f4\u017eu podlieha\u0165 zmen\u00e1m i bez predch\u00e1dzaj\u00faceho ohl\u00e1senia.  Platn\u00e1 cena produktu bude v\u017edy ozn\u00e1men\u00e1 pri potvrden\u00ed &nbsp;objedn\u00e1vky. V\u0161etky ceny na webovej str\u00e1nke&nbsp;<a href=\"https:\/\/cherrymoon.eu\/sk\/\">www.cherrymoon.eu <\/a>s\u00fa uveden\u00e9 v&nbsp;eur\u00e1ch.<\/li><li>&nbsp;Spotrebite\u013e uhr\u00e1dza platbu prevodom\/vkladom na \u00fa\u010det pred\u00e1vaj\u00faceho.<\/li><li>Doprava vr\u00e1mci SR je ZADARMO pri nakupe nad 50 eur.<\/li><\/ol>\n\n\n\n<h3>III. Preberanie tovaru<\/h3>\n\n\n\n<ol><li>&nbsp;Spotrebite\u013e sa zav\u00e4zuje prevzia\u0165 tovar v dohodnutom term\u00edne na adrese uvedenej v objedn\u00e1vke.<\/li><li>&nbsp;Pri preberan\u00ed produktu je spotrebite\u013e povinn\u00fd skontrolova\u0165 fyzick\u00fa neporu\u0161enos\u0165 a kompletnos\u0165 z\u00e1sielky. Pokia\u013e je z\u00e1sielka vidite\u013ene po\u0161koden\u00e1 a zni\u010den\u00e1, spotrebite\u013e je povinn\u00fd bez prevzatia z\u00e1sielky ihne\u010f kontaktova\u0165 pred\u00e1vaj\u00faceho a s prepravnou spolo\u010dnos\u0165ou, teda Slovenskou po\u0161tou sp\u00edsa\u0165 &nbsp;Z\u00e1pis o \u0161kode na z\u00e1sielke. Ak\u00e9ko\u013evek neskor\u0161ie reklam\u00e1cie na mno\u017estvo a fyzick\u00e9 poru\u0161enie produktu nebud\u00fa akceptovan\u00e9.<\/li><li>&nbsp;Spotrebite\u013e nadob\u00fada vlastn\u00edcke pr\u00e1va k produktom a\u017e uhraden\u00edm plnej ceny a \u010fal\u0161\u00edch pe\u0148a\u017en\u00fdch \u010diastok dohodnut\u00fdch v k\u00fapnej zmluve na dia\u013eku na \u00fa\u010det pred\u00e1vaj\u00faceho.<\/li><li>&nbsp;Pred\u00e1vaj\u00faci je opr\u00e1vnen\u00fd po\u017eadova\u0165 splnenie z\u00e1v\u00e4zkov, najm\u00e4 uhradenie ceny za produkty a slu\u017eby, a to bez oh\u013eadu na to, \u017ee vlastn\u00edctvo k produktu a slu\u017eby e\u0161te nepre\u0161lo na spotrebite\u013ea.<\/li><li>&nbsp;Nebezpe\u010denstvo \u0161kody na produktoch prech\u00e1dza na spotrebite\u013ea momentom prevzatia spotrebite\u013eom alebo jeho splnomocnencom.<\/li><\/ol>\n\n\n\n<h3>IV. Odst\u00fapenie od zmluvy<\/h3>\n\n\n\n<ol><li>&nbsp;Spotrebite\u013e je opr\u00e1vnen\u00fd&nbsp;<strong>bez uvedenia d\u00f4vodu odst\u00fapi\u0165 od zmluvy do<\/strong>&nbsp;<strong>14 kalend\u00e1rnych dn\u00ed<\/strong>&nbsp;odo d\u0148a prevzatia tovaru. Odst\u00fapenie od zmluvy mus\u00ed by\u0165 uskuto\u010dnen\u00e9 p\u00edsomnou formou, mus\u00ed obsahova\u0165 v\u0161etky \u00fadaje sl\u00fa\u017eiace k identifik\u00e1cii produktu, spotrebite\u013ea a pred\u00e1vaj\u00faceho a mus\u00ed by\u0165 vo vy\u0161\u0161ie uvedenej lehote doru\u010den\u00e9 spolu s produktom do s\u00eddla pred\u00e1vaj\u00faceho na n\u00e1klady a zodpovednos\u0165 spotrebite\u013ea. N\u00e1klady na vr\u00e1tenie produktu zn\u00e1\u0161a spotrebite\u013e. Produkt nesmie by\u0165 po\u0161koden\u00fd, pou\u017e\u00edvan\u00fd, mus\u00ed by\u0165 v p\u00f4vodnom obale a spolu s produktom mus\u00ed spotrebite\u013e odovzda\u0165 v\u0161etky dokumenty t\u00fdkaj\u00face sa predmetn\u00e9ho produktu, ktor\u00e9 obd\u0155\u017eal pri jeho k\u00fape. V pr\u00edpade, \u017ee bude vr\u00e1ten\u00fd tovar nekompletn\u00fd \u010di po\u0161koden\u00fd, m\u00f4\u017ee pred\u00e1vaj\u00faci vr\u00e1ten\u00fa k\u00fapnu cenu zn\u00ed\u017ei\u0165 o tomu odpovedaj\u00facu \u010diastku (v s\u00falade s \u00a7 458 ods. 1 ob\u010d. Z). Spotrebite\u013e s\u00fahlas\u00ed a berie na vedomie, \u017ee p\u00edsomnou formou sa v tomto pr\u00edpade rozumie listina o odst\u00fapen\u00ed od k\u00fapnej zmluvy podp\u00edsan\u00e1 spotrebite\u013eom. Produkt sa nevracia na dobierku. Takto zaslan\u00fd produkt sa neprij\u00edma a vracia sp\u00e4\u0165.&nbsp;Toto pr\u00e1vo m\u00e1 kupuj\u00faci&nbsp;aj v pr\u00edpade, ak si tovar objednan\u00fd prostredn\u00edctvom internetu vyzdvihol osobne v priestoroch v\u00fddajn\u00e9ho miesta pred\u00e1vaj\u00faceho.<\/li><li>&nbsp;Po splnen\u00ed vy\u0161\u0161ie uveden\u00fdch podmienok bud\u00fa peniaze za vr\u00e1ten\u00fd tovar kupuj\u00facemu spotrebite\u013eovi vr\u00e1ten\u00e9&nbsp;najnesk\u00f4r do 14 dn\u00ed od doru\u010denia tovaru do s\u00eddla pred\u00e1vaj\u00faceho.<\/li><li>&nbsp;Kupuj\u00faci berie na vedomie skuto\u010dnos\u0165, \u017ee ak s\u00fa s tovarom poskytovan\u00e9 dar\u010deky, je darovacia zmluva medzi pred\u00e1vaj\u00facim a kupuj\u00facim uzatvoren\u00e1 s podmienkou, \u017ee ak d\u00f4jde k vyu\u017eitiu pr\u00e1va spotrebite\u013ea odst\u00fapi\u0165 od zmluvy, darovacia zmluva str\u00e1ca \u00fa\u010dinnos\u0165 a kupuj\u00faci je povinn\u00fd spolu s vr\u00e1ten\u00fdm tovarom vr\u00e1ti\u0165 i s n\u00edm s\u00favisiace poskytnut\u00e9 dar\u010deky. V pr\u00edpade, \u017ee tieto nebud\u00fa vr\u00e1ten\u00e9 sp\u00e4\u0165, bud\u00fa tieto hodnoty ch\u00e1pan\u00e9 ako bezd\u00f4vodn\u00e9 obohatenie kupuj\u00faceho.<\/li><li>&nbsp;Kupuj\u00faci nem\u00f4\u017ee odst\u00fapi\u0165 od k\u00fapnej zmluvy uzavretej na dia\u013eku, ak ide o zmluvu, ktorej predmetom je predaj produktu zhotoven\u00e9ho pod\u013ea osobit\u00fdch po\u017eiadaviek spotrebite\u013ea alebo produktu ur\u010den\u00e9ho osobitne pre jedn\u00e9ho spotrebite\u013ea, alebo produktu, ktor\u00fd vzh\u013eadom na jeho vlastnosti nemo\u017eno vr\u00e1ti\u0165.<\/li><li>&nbsp;V pr\u00edpade akceptovania po\u017eiadavky spotrebite\u013ea na odst\u00fapenie od k\u00fapnej zmluvy po lehote 14 kalend\u00e1rnych dn\u00ed, m\u00e1 pred\u00e1vaj\u00faci pr\u00e1vo po\u017eadova\u0165 \u00fahradu vzniknut\u00fdch n\u00e1kladov a zmluvn\u00fa finan\u010dn\u00fa n\u00e1hradu vo v\u00fd\u0161ke 50% z&nbsp;fakturovanej pe\u0148a\u017enej \u010diastky.<\/li><li>&nbsp;Pred\u00e1vaj\u00faci si vyhradzuje pr\u00e1vo zru\u0161i\u0165 objedn\u00e1vku (odst\u00fapi\u0165 od zmluvy) alebo jej \u010das\u0165 ak:<br>a) produkt sa nevyr\u00e1ba alebo sa prestal vyr\u00e1ba\u0165<br>b) zmenila sa cena dod\u00e1vate\u013ea produktu<br>c) vystaven\u00e1 cena produktu bola chybn\u00e1<\/li><li>&nbsp;Formul\u00e1r na odst\u00fapenie od spotrebite\u013eskej zmluvy si m\u00f4\u017eete stiahnu\u0165 tu:&nbsp;<a href=\"https:\/\/matrachello.sk\/sites\/default\/files\/odstupenie-spotrebitela-od-zmluvy-alesha.docx\"><em>Formul\u00e1r na odst\u00fapenie od spotrebite\u013eskej zmluvy.<\/em><\/a><\/li><\/ol>\n\n\n\n<h3>V. Z\u00e1ruka a&nbsp;servis<\/h3>\n\n\n\n<ol><li>&nbsp;Z\u00e1ru\u010dn\u00e9 podmienky na tovar sa riadia Reklama\u010dn\u00fdm poriadkom pred\u00e1vaj\u00faceho a platn\u00fdmi pr\u00e1vnymi predpismi SR. Ako z\u00e1ru\u010dn\u00fd list sl\u00fa\u017ei n\u00e1kupn\u00fd doklad.&nbsp;Konkr\u00e9tne z\u00e1ru\u010dn\u00e9 a servisn\u00e9 podmienky s\u00fa uveden\u00e9 v pr\u00edslu\u0161n\u00fdch z\u00e1ru\u010dn\u00fdch listoch vybran\u00fdch produktov, ktor\u00e9 spotrebite\u013e obdr\u017e\u00ed pri k\u00fape produktu.<\/li><li>Vo v\u0161eobecnosti, pokia\u013e v z\u00e1ru\u010dn\u00fdch listoch nie je uveden\u00e9 inak, je z\u00e1ru\u010dn\u00e1 doba pre plnenie spotrebite\u013esk\u00fdch zml\u00fav stanoven\u00e1 na minim\u00e1lne 24 mesiacov. Reklamova\u0165 je mo\u017en\u00e9 len produkt zak\u00fapen\u00fd a zaplaten\u00fd u pred\u00e1vaj\u00faceho. Pri uplatnen\u00ed reklam\u00e1cie je spotrebite\u013e povinn\u00fd doru\u010di\u0165 (pokia\u013e to charakter produktu umo\u017e\u0148uje) reklamovan\u00fd produkt \u010dist\u00fd, mechanicky nepo\u0161koden\u00fd, v origin\u00e1lnom balen\u00ed, vr\u00e1tane manu\u00e1lov, z\u00e1ru\u010dn\u00e9ho listu, fakt\u00fary alebo in\u00e9ho dokladu o zaplaten\u00ed produktu pred\u00e1vaj\u00facemu. Pri uplatnen\u00ed reklam\u00e1cie sa spotrebite\u013e riadi pokynmi uveden\u00fdmi v z\u00e1ru\u010dnom liste.<\/li><li>&nbsp;Opr\u00e1vnenie na z\u00e1ruku zanik\u00e1 v pr\u00edpade, \u017ee k chybe do\u0161lo mechanick\u00fdm po\u0161koden\u00edm v\u00fdrobku, usklad\u0148ovan\u00edm v\u00fdrobku v nevhodn\u00fdch podmienkach. Zo z\u00e1ruky s\u00fa tie\u017e vy\u0148at\u00e9 chyby sp\u00f4soben\u00e9 nespr\u00e1vnym zaobch\u00e1dzan\u00edm.<\/li><li>&nbsp;V pr\u00edpade uplat\u0148ovania reklam\u00e1cie sa odpor\u00fa\u010da spotrebite\u013eovi p\u00edsomnou formou, prostredn\u00edctvom e-mailu ozn\u00e1mi\u0165 pred\u00e1vaj\u00facemu, \u017ee dan\u00fd produkt vykazuje chybu a ak\u00fdm sp\u00f4sobom sa prejavila. Na z\u00e1klade t\u00fdchto inform\u00e1ci\u00ed sa odporu\u010d\u00ed spotrebite\u013eovi \u010fal\u0161\u00ed postup pri vybavovan\u00ed reklam\u00e1cie.<\/li><\/ol>\n\n\n\n<h3>VI. Z\u00e1vere\u010dn\u00e9 ustanovenia<\/h3>\n\n\n\n<ol><li>&nbsp;Pred\u00e1vaj\u00faci si vyhradzuje pr\u00e1vo na zmeny tovaru a cien.<\/li><li>&nbsp;Spotrebite\u013e prehlasuje, \u017ee pred vyplnen\u00edm alebo potvrden\u00edm objedn\u00e1vky sa obozn\u00e1mil s t\u00fdmito v\u0161eobecn\u00fdmi podmienkami a reklama\u010dn\u00fdm poriadkom a \u017ee s&nbsp;nimi v&nbsp;plnej miere s\u00fahlas\u00ed.<\/li><li>&nbsp;Tieto v\u0161eobecn\u00e9 obchodn\u00e9 podmienky boli formulovan\u00e9 a ustanoven\u00e9 v dobrej viere, za \u00fa\u010delom splnenia z\u00e1konn\u00fdch podmienok a \u00faprav korektn\u00fdch obchodn\u00fdch vz\u0165ahov medzi pred\u00e1vaj\u00facim a spotrebite\u013eom. Pr\u00e1va spotrebite\u013ea vo vz\u0165ahu k pred\u00e1vaj\u00facemu vypl\u00fdvaj\u00face zo z\u00e1kona o ochrane spotrebite\u013ea \u010d. 634\/1992 Zb. v znen\u00ed neskor\u0161\u00edch zmien a predpisov a z\u00e1kona o ochrane spotrebite\u013ea pri podomovom predaji a z\u00e1sielkovom predaji \u010d.&nbsp;102\/2014&nbsp;Z.z v znen\u00ed neskor\u0161\u00edch zmien a predpisov, zost\u00e1vaj\u00fa t\u00fdmito podmienkami nedotknut\u00e9.<\/li><li>&nbsp;Pred\u00e1vaj\u00faci a spotrebite\u013e sa dohodli, \u017ee plne uzn\u00e1vaj\u00fa komunik\u00e1ciu na dia\u013eku \u2013 elektronick\u00fa formu komunik\u00e1cie, najm\u00e4 prostredn\u00edctvom elektronickej po\u0161ty ( emailu ) a internetovej siete ako platn\u00fa a z\u00e1v\u00e4zn\u00fa pre obe zmluvn\u00e9 strany.&nbsp;<\/li><\/ol>\n\n\n\n<p>Tieto obchodn\u00e9 podmienky vstupuj\u00fa do platnosti od 01.01.2021<\/p>\n\n\n\n<h2><strong>Terms &amp; Conditions<\/strong><\/h2>\n\n\n\n<p>Ochrana d\u00e1t, a predov\u0161etk\u00fdm osobn\u00fdch \u00fadajov, V\u00e1s ako kupuj\u00facich, je pre n\u00e1s ve\u013emi d\u00f4le\u017eit\u00e1.<\/p>\n\n\n\n<p>My, <strong>Yevgen Boyarchuk<\/strong>, so s\u00eddlom 83106 Bratislava-Ra\u010da, Karpatsk\u00e9 n\u00e1mestie 7770\/10A. E-mail: <a href=\"mailto: store@metal-shop.eu\">kate.cherrymoon@gmail.com<\/a>, tel.: +421949749746 (\u010falej len \u201espolo\u010dnos\u0165\u201c alebo \u201emy\u201c)  ako prev\u00e1dzkovatelia elektronick\u00e9ho obchodu cherrymoon.eu (\"obchod\"),<br>rob\u00edme v\u0161etko preto, aby Va\u0161e osobn\u00e9 \u00fadaje boli v bezpe\u010d\u00ed a boli spracovan\u00e9 v s\u00falade s pr\u00e1vnymi predpismi. Neoddelite\u013enou s\u00fa\u010das\u0165ou spr\u00e1vneho spracovania je informovanos\u0165 a transparentnos\u0165. Pr\u00e1ve v tomto z\u00e1ujme by sme V\u00e1s radi informovali, jednak o spracovan\u00ed Va\u0161ich osobn\u00fdch \u00fadajov a \u010falej o Va\u0161ich s\u00favisiacich pr\u00e1vach.<\/p>\n\n\n\n<h2>1. \u00da\u010cELY SPRACOVANIA A PR\u00c1VNY Z\u00c1KLAD SPRACOVANIA<\/h2>\n\n\n\n<p>Va\u0161e osobn\u00e9 \u00fadaje budeme spracov\u00e1va\u0165 za \u00fa\u010delom realiz\u00e1cie k\u00fapnej zmluvy, teda za \u00fa\u010delom:<\/p>\n\n\n\n<ul><li>zaistenia vybavenia objedn\u00e1vky;<\/li><li>zaistenia doru\u010denia tovaru;<\/li><li>plnenia pr\u00e1v vypl\u00fdvaj\u00facich z chybn\u00e9ho plnenia, \u010di n\u00e1hrady \u0161kody;<\/li><li>plnenia na\u0161ich z\u00e1konn\u00fdch povinnost\u00ed najm\u00e4 vo vz\u0165ahu k vedeniu \u00fa\u010dtovn\u00edctva;<\/li><\/ul>\n\n\n\n<p>Pr\u00e1vnym z\u00e1kladom spracovania je plnenie zmluvy uzatvorenej medzi na\u0161ou spolo\u010dnos\u0165ou a Vami a \u010falej aj plnenie z\u00e1konn\u00fdch povinnost\u00ed vypl\u00fdvaj\u00facich najm\u00e4 z ob\u010dianskeho z\u00e1konn\u00edka.<\/p>\n\n\n\n<h2>2. KATEG\u00d3RIA DOTKNUT\u00ddCH OSOBN\u00ddCH \u00daDAJOV<\/h2>\n\n\n\n<p>Za \u00fa\u010delom vybavenia Va\u0161ej objedn\u00e1vky, zaistenia doru\u010denia tovaru a plnenie \u010fal\u0161\u00edch pr\u00e1v s t\u00fdm s\u00favisiacich budeme spracov\u00e1va\u0165 Va\u0161e: meno a priezvisko, telef\u00f3nne \u010d\u00edslo a e-mail, adresu, doru\u010dovaciu adresu, obsah Va\u0161ej objedn\u00e1vky a \u00fadaje s\u00favisiace s objedn\u00e1vkou a jej vybaven\u00edm, \u010falej v pr\u00edpade n\u00e1kupu pre firmu jej n\u00e1zov, I\u010cO a DI\u010c. V s\u00favislosti s reklam\u00e1ciou m\u00f4\u017eeme spracov\u00e1va\u0165 inform\u00e1cie o vade.<\/p>\n\n\n\n<h2>3. COOKIES<\/h2>\n\n\n\n<p>Ako ste si v\u0161imli pri vstupe, n\u00e1\u0161 obchod pou\u017e\u00edva cookies, ktor\u00e9 v spojen\u00ed s \u010fal\u0161\u00edmi inform\u00e1ciami m\u00f4\u017eu by\u0165 pova\u017eovan\u00e9 za ur\u010dit\u00fdch okolnost\u00ed za osobn\u00fd \u00fadaj. Nie je na\u0161\u00edm z\u00e1ujmom, aby tieto okolnosti nastali a m\u00e1me za to, \u017ee cookies sa pri nami vykon\u00e1vanom nakladan\u00ed nest\u00e1vaj\u00fa osobn\u00fdmi \u00fadajmi, ale pre Va\u0161u pln\u00fa informovanos\u0165 zah\u0155\u0148ame inform\u00e1ciu o cookies aj do tohto dokumentu.<\/p>\n\n\n\n<p>Cookies s\u00fa mal\u00e9 inform\u00e1cie posielan\u00e9 cez internetov\u00e9 str\u00e1nky, ktor\u00e9 sa ulo\u017eia vo Va\u0161om zariaden\u00ed (po\u010d\u00edta\u010d, telef\u00f3n, at\u010f.), a prostredn\u00edctvom ktor\u00fdch je umo\u017enen\u00e1 prev\u00e1dzka obchodu, ako aj jeho pohodln\u00e9 fungovanie. Niektor\u00e9 cookies n\u00e1m taktie\u017e umo\u017e\u0148uj\u00fa zefekt\u00edvni\u0165 ponuku produktov alebo n\u00e1m poskytuj\u00fa niektor\u00e9 \u0161tatistick\u00e9 \u00fadaje o prev\u00e1dzke obchodu.<\/p>\n\n\n\n<h2>4.PR\u00cdJEMCI OSOBN\u00ddCH \u00daDAJOV A PREDANIE DO TRET\u00cdCH \u0160T\u00c1TOV<\/h2>\n\n\n\n<p>Va\u0161e osobn\u00e9 \u00fadaje bez \u010fal\u0161ieho s\u00fahlasu neposkytujeme ani nespr\u00edstupn\u00edme tret\u00edm osob\u00e1m s v\u00fdnimkami, ktor\u00e9 uv\u00e1dzame ni\u017e\u0161ie. Va\u0161e osobn\u00e9 \u00fadaje m\u00f4\u017eeme odovzda\u0165 \u0161t\u00e1tnemu org\u00e1nu, ak n\u00e1m to uklad\u00e1 z\u00e1kon (napr. Pol\u00edcii SR).<\/p>\n\n\n\n<p>\u010ealej m\u00f4\u017eu by\u0165 Va\u0161e osobn\u00e9 \u00fadaje spracov\u00e1van\u00e9 spracovate\u013eom spolo\u010dnosti Google Group Companies, in particular Google Commerce Limited,based in 70 Sir John Rogerson\u2019s Quay, 2 Dublin, Ireland and companies Google Inc., based in 1600 Amphitheatre Parkway, Mountain View, CA 94043, USA; Dublin 2 Ireland; Company Facebook Ireland Ltd., based in 4 Grand Canal Square, Grand Canal Harbour, Dublin 2, Ireland which will process the personal data in accrdance witch Privacy Policy (https:\/\/www.facebook.com\/policy.php); Company PayPal (Europe), based in S.\u00e0.r.l. et Cie, S.C.A., 22-24 Boulevard Royal L-2449, Luxembourg.<\/p>\n\n\n\n<p>Osobn\u00e9 \u00fadaje nepred\u00e1me do \u017eiadnej tretej krajiny alebo medzin\u00e1rodnej organiz\u00e1cii, ktor\u00e9 neposkytuj\u00fa primeran\u00fa ochranu osobn\u00fdch \u00fadajov. V\u00fdnimkou m\u00f4\u017ee by\u0165, v pr\u00edpade prev\u00e1dzkovate\u013eov niektor\u00fdch n\u00e1strojov spojen\u00fdch s prev\u00e1dzkou internetov\u00fdch str\u00e1nok, odovzdanie do Spojen\u00fdch \u0161t\u00e1tov. V tomto pr\u00edpade v\u0161ak tak\u00e9to osoby v\u017edy sp\u013a\u0148aj\u00fa podmienky EU - US Privacy Shield, \u010do je medzin\u00e1rodn\u00fd pr\u00e1vny r\u00e1mec, ktor\u00fd zais\u0165uje zodpovedaj\u00faci \u0161tandard nakladania s osobn\u00fdmi \u00fadajmi a ich ochrany aj v Spojen\u00fdch \u0161t\u00e1toch Americk\u00fdch. O tomto mechanizme si m\u00f4\u017eete viac pre\u010d\u00edta\u0165 tu: <a href=\"https:\/\/www.privacyshield.gov\">https:\/\/www.privacyshield.gov<\/a><\/p>\n\n\n\n<h2>5. INFORM\u00c1CIE O SPRACOVAN\u00cd<\/h2>\n\n\n\n<p>Va\u0161e osobn\u00e9 \u00fadaje sme dostali iba od V\u00e1s. Poskytnutie osobn\u00fdch \u00fadajov je \u00faplne dobrovo\u013en\u00e9, preto\u017ee uzavretie akejko\u013evek zmluvy s nami je \u00faplne dobrovo\u013en\u00e9. Ak by ste n\u00e1m neposkytli aspo\u0148 povinn\u00e9 minimum \u00fadajov, nebudeme schopn\u00ed V\u00e1m tovar doda\u0165 a obchod realizova\u0165. V s\u00favislosti s cookies nezabudnite na na\u0161u prepracovan\u00fa cookies li\u0161tu, ktor\u00e1 V\u00e1m umo\u017en\u00ed nastavi\u0165 si pou\u017e\u00edvanie cookies tak, aby to vyhovovalo va\u0161im po\u017eiadavk\u00e1m. Pou\u017e\u00edvanie cookies, ktor\u00e9 nie s\u00fa nevyhnutn\u00e9 pre prev\u00e1dzku obchodu je tie\u017e \u00faplne dobrovo\u013en\u00e9. Osobn\u00e9 \u00fadaje bud\u00fa spracov\u00e1van\u00e9 (ulo\u017een\u00e9) len po dobu nevyhnutne nutn\u00fa. Osobn\u00e9 \u00fadaje, ktor\u00fdch spracovanie vy\u017eaduje z\u00e1kon spracov\u00e1vame po dobu, po ktor\u00fa to z\u00e1kon vy\u017eaduje. Osobn\u00e9 \u00fadaje t\u00fdkaj\u00face sa plnenia z uzatvorenej zmluvy a \u010fal\u0161\u00edch s\u00favisiacich pr\u00e1v a povinnost\u00ed budeme uchov\u00e1va\u0165 len po dobu, po\u010das ktorej bud\u00fa m\u00f4c\u0165 by\u0165 tieto s\u00favisiace pr\u00e1va a povinnosti vym\u00e1hate\u013en\u00e9 na s\u00fade, teda spravidla 3 roky od vybavenia objedn\u00e1vky alebo vysporiadania posledn\u00fdch n\u00e1rokov z nej plyn\u00facich. V r\u00e1mci spracovania osobn\u00fdch \u00fadajov nedoch\u00e1dza k automatizovan\u00e9mu rozhodovaniu. V r\u00e1mci pou\u017e\u00edvania cookies a uveden\u00fdch obdobn\u00fdch modern\u00fdch prostriedkov optimalizuj\u00facich V\u00e1\u0161 z\u00e1\u017eitok z pou\u017e\u00edvania n\u00e1\u0161ho obchodu sa m\u00f4\u017eu vyv\u00edja\u0165 ist\u00e9 formy profilu vych\u00e1dzaj\u00faceho z pou\u017e\u00edvania internetovej str\u00e1nky, ktor\u00fd n\u00e1m sl\u00fa\u017ei predov\u0161etk\u00fdm k ponuke v\u00fdrobkov, ktor\u00e9 by V\u00e1s mohli zauj\u00edma\u0165. Na z\u00e1klade tohto profilu, ale nedoch\u00e1dza ani k \u017eiadnom rozhodnutiam, ani k ak\u00fdmko\u013evek \u010fal\u0161\u00edm pr\u00e1vnym n\u00e1sledkom. S oh\u013eadom na to, \u017ee tieto inform\u00e1cie, ktor\u00e9 z V\u00e1\u0161ho pou\u017e\u00edvania str\u00e1nky z\u00edskavame, s\u00fa zalo\u017een\u00e9 na cookies, m\u00f4\u017eete ich spracovanie ovplyvni\u0165, \u010di u\u017e spom\u00ednanou prepracovanou cookies li\u0161tou, tak prostredn\u00edctvom nastaven\u00ed V\u00e1\u0161ho internetov\u00e9ho prehliada\u010da. Po skon\u010den\u00ed doby spracovania s\u00fa potom osobn\u00e9 \u00fadaje bez odkladu zlikvidovan\u00e9.<\/p>","protected":false},"excerpt":{"rendered":"<p>Pred\u00e1vaj\u00faci: Yevgen Boyarchuk, zap\u00edsan\u00fd v \u017eivnostenskom registri vedenom Okresn\u00fdm \u00faradom Bratislava, \u010d\u00edslo \u017eivnostensk\u00e9ho registra: 110-285794,&hellip;<\/p>","protected":false},"author":1,"featured_media":0,"parent":0,"menu_order":0,"comment_status":"closed","ping_status":"closed","template":"","meta":[],"_links":{"self":[{"href":"https:\/\/cherrymoon.eu\/sk\/wp-json\/wp\/v2\/pages\/3052"}],"collection":[{"href":"https:\/\/cherrymoon.eu\/sk\/wp-json\/wp\/v2\/pages"}],"about":[{"href":"https:\/\/cherrymoon.eu\/sk\/wp-json\/wp\/v2\/types\/page"}],"author":[{"embeddable":true,"href":"https:\/\/cherrymoon.eu\/sk\/wp-json\/wp\/v2\/users\/1"}],"replies":[{"embeddable":true,"href":"https:\/\/cherrymoon.eu\/sk\/wp-json\/wp\/v2\/comments?post=3052"}],"version-history":[{"count":4,"href":"https:\/\/cherrymoon.eu\/sk\/wp-json\/wp\/v2\/pages\/3052\/revisions"}],"predecessor-version":[{"id":3275,"href":"https:\/\/cherrymoon.eu\/sk\/wp-json\/wp\/v2\/pages\/3052\/revisions\/3275"}],"wp:attachment":[{"href":"https:\/\/cherrymoon.eu\/sk\/wp-json\/wp\/v2\/media?parent=3052"}],"curies":[{"name":"wp","href":"https:\/\/api.w.org\/{rel}","templated":true}]}}