{"id":3143,"date":"2021-04-19T02:06:42","date_gmt":"2021-04-18T23:06:42","guid":{"rendered":"https:\/\/cherrymoon.eu\/?page_id=3143"},"modified":"2021-04-19T02:06:43","modified_gmt":"2021-04-18T23:06:43","slug":"treatment","status":"publish","type":"page","link":"https:\/\/cherrymoon.eu\/sk\/treatment\/","title":{"rendered":"\u00dadr\u017eba"},"content":{"rendered":"<p><strong>Mil\u00ed na\u0161i klienti<\/strong>,\u00a0<\/p>\n\n\n\n<p><strong>d\u00b4akujeme za prejaven\u00fa d\u00f4veru a n\u00e1kup v na\u0161om e-shope.<\/strong><\/p>\n\n\n\n<p>Spr\u00e1vna starostlivos\u0165 o va\u0161e oble\u010denie Cherry Moon je z\u00e1kladom pre jeho udr\u017eanie v top stave.\u00a0<\/p>\n\n\n\n<p><strong>Pre zachovanie kvality a \u017eivotnosti na\u0161ich v\u00fdrobkov sa pros\u00edm ria\u010fte nasleduj\u00facimi z\u00e1sadami:<\/strong><\/p>\n\n\n\n<ul><li>Opatrn\u00e1 a \u0161etrn\u00e1 manipul\u00e1cia.\u00a0<\/li><\/ul>\n\n\n\n<ul><li>Pra\u0165 prevr\u00e1ten\u00e9 obr\u00e1zkom dovn\u00fatra.<\/li><\/ul>\n\n\n\n<ul><li>Pra\u0165 ru\u010dne, alebo v pr\u00e1\u010dke pri teplote max. 30\u00b0C (re\u017eim \u201eRu\u010dn\u00e9 pranie\u201c), bez pou\u017eitia aviv\u00e1\u017ee a agres\u00edvnych prac\u00edch prostriedkov.<\/li><\/ul>\n\n\n\n<ul><li>Ne\u010disti\u0165 chemicky.\u00a0<\/li><\/ul>\n\n\n\n<ul><li>\u017dehli\u0165 pri n\u00edzkej teplote, max 110\u00b0C iba textil.\u00a0<\/li><\/ul>\n\n\n\n<ul><li>Ne\u017eehlite aplik\u00e1cie.\u00a0<\/li><\/ul>\n\n\n\n<ul><li>Pou\u017e\u00edva\u0165 pracie prostriedky bez obsahu chl\u00f3ru a bieliacich prostriedkov.\u00a0<\/li><\/ul>\n\n\n\n<ul><li>Nebieli\u0165.\u00a0<\/li><\/ul>\n\n\n\n<ul><li>Nesu\u0161i\u0165 v su\u0161i\u010dke.\u00a0<\/li><\/ul>\n\n\n\n<p><strong>Nedodr\u017eanie t\u00fdchto z\u00e1sad m\u00f4\u017ee vies\u0165 k zn\u00ed\u017eeniu \u017eivotnosti potla\u010de a straty n\u00e1roku na uznanie reklam\u00e1cie.\u00a0<\/strong><\/p>\n\n\n\n<p>V pr\u00edpade ak\u00fdchko\u013evek ot\u00e1zok n\u00e1s nev\u00e1hajte kontaktova\u0165.<\/p>","protected":false},"excerpt":{"rendered":"<p>Dear customer,\u00a0 Thank you for your trust and purchase in our e-shop. Caring for your&hellip;<\/p>","protected":false},"author":1,"featured_media":0,"parent":0,"menu_order":0,"comment_status":"closed","ping_status":"closed","template":"","meta":[],"_links":{"self":[{"href":"https:\/\/cherrymoon.eu\/sk\/wp-json\/wp\/v2\/pages\/3143"}],"collection":[{"href":"https:\/\/cherrymoon.eu\/sk\/wp-json\/wp\/v2\/pages"}],"about":[{"href":"https:\/\/cherrymoon.eu\/sk\/wp-json\/wp\/v2\/types\/page"}],"author":[{"embeddable":true,"href":"https:\/\/cherrymoon.eu\/sk\/wp-json\/wp\/v2\/users\/1"}],"replies":[{"embeddable":true,"href":"https:\/\/cherrymoon.eu\/sk\/wp-json\/wp\/v2\/comments?post=3143"}],"version-history":[{"count":2,"href":"https:\/\/cherrymoon.eu\/sk\/wp-json\/wp\/v2\/pages\/3143\/revisions"}],"predecessor-version":[{"id":3145,"href":"https:\/\/cherrymoon.eu\/sk\/wp-json\/wp\/v2\/pages\/3143\/revisions\/3145"}],"wp:attachment":[{"href":"https:\/\/cherrymoon.eu\/sk\/wp-json\/wp\/v2\/media?parent=3143"}],"curies":[{"name":"wp","href":"https:\/\/api.w.org\/{rel}","templated":true}]}}