{"id":336,"date":"2016-08-23T06:28:43","date_gmt":"2016-08-23T06:28:43","guid":{"rendered":"http:\/\/demo.uix.store\/sober\/?page_id=336"},"modified":"2022-01-17T16:10:35","modified_gmt":"2022-01-17T14:10:35","slug":"contact-us","status":"publish","type":"page","link":"https:\/\/cherrymoon.eu\/sk\/contact-us\/","title":{"rendered":"Kontakt"},"content":{"rendered":"<div class=\"vc_row wpb_row vc_row-fluid vc_custom_1480664533097\">\n<div class=\"wpb_column vc_column_container vc_col-sm-12 vc_col-lg-offset-2 vc_col-lg-8 vc_col-md-offset-0 vc_col-md-12 vc_col-sm-offset-0\">\n<div class=\"vc_column-inner\">\n<div class=\"wpb_wrapper\">\n<div class=\"wpb_text_column wpb_content_element  vc_custom_1480662246230\">\n<div class=\"wpb_wrapper\">\n<p style=\"text-align: center;\">Mate ot\u00e1zku? Nev\u00e1hajte n\u00e1s kontaktova\u0165.<\/p>\n<p style=\"text-align: center;\">Prij\u00edmame objedn\u00e1vky aj na mieru pod\u013ea va\u0161ich po\u017eiadaviek.<\/p>\n<p style=\"text-align: center;\"><strong>Tel. \u010d\u00edslo \/ WhatsApp<\/strong> +421949749746<\/p>\n<p style=\"text-align: center;\"><strong>E-mail:<\/strong> kate.cherrymoon@gmail.com<\/p>\n<\/div>\n<\/div>\n<\/div>\n<\/div>\n<\/div>\n<\/div>\n\n\n\n\n\n<div class=\"wpb_wrapper\" style=\"text-align: center;\">Sledujte n\u00e1s na soci\u00e1lnych sie\u0165ach:<\/div>\n\n\n\n<p class=\"has-text-align-center\"><strong><span class=\"has-inline-color has-vivid-red-color\">Instagram<\/span><\/strong> <a rel=\"noopener\" data-trp-translate-id-href=\"1787\" data-trp-node-group-href=\"String List\" data-trp-unpreviewable=\"trp-unpreviewable\" data-trp-original-target=\"_self\" href=\"https:\/\/www.instagram.com\/cherry.moon.store\/\" target=\"_self\">https:\/\/www.instagram.com\/cherry.moon.store\/<\/a><\/p>\n\n\n\n<p class=\"has-text-align-center\"><strong><span class=\"has-inline-color has-vivid-cyan-blue-color\">Facebook<\/span><\/strong> <a rel=\"noopener\" data-trp-translate-id-href=\"1788\" data-trp-node-group-href=\"String List\" data-trp-unpreviewable=\"trp-unpreviewable\" data-trp-original-target=\"_self\" href=\"https:\/\/www.facebook.com\/cherrymoon.eu\/\" target=\"_self\">https:\/\/www.facebook.com\/cherrymoon.eu\/<\/a><\/p>\n\n\n\n<p class=\"has-text-align-center\">Check out our sales, exclusive items and many more at our Etsy Shop!<\/p>\n\n\n\n<p class=\"has-text-align-center\"> <strong><span class=\"has-inline-color has-luminous-vivid-orange-color\">Etsy<\/span>:<\/strong> <a href=\"https:\/\/www.etsy.com\/shop\/CherryMoonStore\">https:\/\/www.etsy.com\/shop\/CherryMoonStore<\/a><\/p>\n\n\n\n<p class=\"has-text-align-center\">                                                  <\/p>","protected":false},"excerpt":{"rendered":"<p>Have a question? Feel free to contact us anytime. We accept custom orders. Phone \/&hellip;<\/p>","protected":false},"author":1,"featured_media":0,"parent":0,"menu_order":0,"comment_status":"closed","ping_status":"closed","template":"","meta":[],"_links":{"self":[{"href":"https:\/\/cherrymoon.eu\/sk\/wp-json\/wp\/v2\/pages\/336"}],"collection":[{"href":"https:\/\/cherrymoon.eu\/sk\/wp-json\/wp\/v2\/pages"}],"about":[{"href":"https:\/\/cherrymoon.eu\/sk\/wp-json\/wp\/v2\/types\/page"}],"author":[{"embeddable":true,"href":"https:\/\/cherrymoon.eu\/sk\/wp-json\/wp\/v2\/users\/1"}],"replies":[{"embeddable":true,"href":"https:\/\/cherrymoon.eu\/sk\/wp-json\/wp\/v2\/comments?post=336"}],"version-history":[{"count":37,"href":"https:\/\/cherrymoon.eu\/sk\/wp-json\/wp\/v2\/pages\/336\/revisions"}],"predecessor-version":[{"id":3329,"href":"https:\/\/cherrymoon.eu\/sk\/wp-json\/wp\/v2\/pages\/336\/revisions\/3329"}],"wp:attachment":[{"href":"https:\/\/cherrymoon.eu\/sk\/wp-json\/wp\/v2\/media?parent=336"}],"curies":[{"name":"wp","href":"https:\/\/api.w.org\/{rel}","templated":true}]}}