{"id":2684,"date":"2021-03-23T02:51:43","date_gmt":"2021-03-22T23:51:43","guid":{"rendered":"https:\/\/cherrymoon.eu\/?post_type=product&#038;p=2684"},"modified":"2022-05-31T12:35:09","modified_gmt":"2022-05-31T10:35:09","slug":"ballerina_tshirt","status":"publish","type":"product","link":"https:\/\/cherrymoon.eu\/sk\/produkt\/ballerina_tshirt\/","title":{"rendered":"Ballerina"},"content":{"rendered":"<p><strong>P\u00fatav\u00e1 a jedine\u010dn\u00e1 vec vyroben\u00e1 s l\u00e1skou, pozit\u00edvnou energiou a trochou m\u00e1gie. <\/strong><\/p>\n<p>Vyroben\u00e9 zo 100% vysoko kvalitnej bavlny.<br \/>\nOversize tri\u010dko s odrezan\u00fdm golierom a<br \/>\n<span class=\"aCOpRe\"> odhalen\u00fdmi ramenami.<\/span>.<br \/>\n<strong>One size<\/strong>, fits XS, S, M, L.<br \/>\nModelka m\u00e1 170 cm a be\u017ene nos\u00ed ve\u013ekos\u0165 S.<\/p>\n<p>\u0160\u00edrka - 55 cm.<br \/>\nD\u013a\u017eka  - 74 cm.<br \/>\nD\u013a\u017eka ruk\u00e1va - 23 cm.<\/p>\n<p><strong>Opatrn\u00e1 a \u0161etrn\u00e1 manipul\u00e1cia. Pra\u0165 ru\u010dne pri teplote max. 30\u00b0C. Ne\u010disti\u0165 chemicky. Pou\u017e\u00edva\u0165 pracie prostriedky bez obsahu chl\u00f3ru a bieliacich prostriedkov. Nebieli\u0165. Nesu\u0161i\u0165 v su\u0161i\u010dke.<br \/>\nNeskr\u00facajte, ne\u017em\u00fdkajte. Su\u0161te naplocho, vo\u013ene rozlo\u017een\u00e9.<br \/>\n\u017dehli\u0165 prevr\u00e1ten\u00e9 potla\u010dou dovn\u00fatra pri n\u00edzkej teplote, max 110\u00b0C. Najlep\u0161ie cez papier na pe\u010denie.<br \/>\nShine Bright Day 2 Night!<\/strong><\/p>\n<p>&nbsp;<\/p>","protected":false},"excerpt":{"rendered":"<p><strong><span class=\"\" title=\"Edited\">Dizajnov\u00e9 tri\u010dko so vzorom v zlatom a  holografickom preveden\u00ed.<\/span><\/strong><span class=\"\" title=\"Edited\"><br \/>\nNostalgick\u00e9 spojenie minulosti a bud\u00facnosti.<br \/>\nSpomienky z detstva...alebo spomienky, ktor\u00e9 s\u00fa spojen\u00e9 s hudbou. Ka\u017ed\u00fd pozn\u00e1 ten pocit.<br \/>\n<\/span><\/p>\n<div class=\"D6j0vc\">\n<div id=\"center_col\">\n<div id=\"taw\">\n<div><strong><span class=\"\" title=\"Edited\"><span class=\"VIiyi\" lang=\"en\"><span class=\"JLqJ4b ChMk0b\" data-language-for-alternatives=\"en\" data-language-to-translate-into=\"auto\" data-phrase-index=\"0\">Symboly \u010dasu a zmien, kr\u00e1sy, pohybu rytmu a hudby. <\/span><\/span> <\/span><\/strong><\/div>\n<div id=\"tvcap\"><\/div>\n<\/div>\n<div id=\"res\" class=\"eqAnXb\" role=\"main\">\n<div id=\"topstuff\"><\/div>\n<div id=\"search\">\n<div data-hveid=\"CCYQNQ\" data-ved=\"2ahUKEwid47q0h8XvAhVOeMAKHUUCDcUQGnoECCYQNQ\"><\/div>\n<\/div>\n<\/div>\n<\/div>\n<\/div>\n<div class=\"ULSxyf\">\n<div class=\"g mnr-c g-blk\" lang=\"ru-SK\" data-hveid=\"CCEQAA\" data-ved=\"2ahUKEwid47q0h8XvAhVOeMAKHUUCDcUQjDYoAHoECCEQAA\">\n<div class=\"kp-blk c2xzTb\">\n<div class=\"xpdopen\">\n<div class=\"ifM9O\"><\/div>\n<\/div>\n<\/div>\n<\/div>\n<\/div>\n<div class=\"wDYxhc NFQFxe oHglmf xzPb7d viOShc\" lang=\"ru-SK\" data-md=\"32\">\n<div id=\"media_result_group\" class=\"kno-mrg-si kno-mrg kno-swp\" data-hveid=\"CBIQAQ\">\n<div class=\"kno-fiu kno-liu\">\n<div data-count=\"1\" data-hveid=\"CAsQAA\">\n<div>\n<div>\n<div class=\"umyQi\" data-h=\"130\" data-nr=\"1\">\n<div class=\"eA0Zlc ivg-i img-kc-m PZPZlf\" data-attrid=\"image\" data-docid=\"yqhEUEVuVB2eiM\" data-lpage=\"https:\/\/www.yogiapproved.com\/life\/moon-phases-meanings-impact\/\" data-ved=\"2ahUKEwid47q0h8XvAhVOeMAKHUUCDcUQzkx6BAgIEAA\">\n<div class=\"fWhgmd\"><\/div>\n<\/div>\n<\/div>\n<\/div>\n<\/div>\n<\/div>\n<\/div>\n<\/div>\n<\/div>\n<div class=\"wDYxhc\" lang=\"ru-SK\" data-md=\"61\">\n<div class=\"LGOjhe\" role=\"heading\" data-attrid=\"wa:\/description\" aria-level=\"3\" data-hveid=\"CAUQAA\"><span class=\"ILfuVd\"><span class=\"hgKElc\">\u00a0<\/span><\/span><\/div>\n<\/div>\n<p><span class=\"\" title=\"Edited\">\u00a0<\/span><\/p>\n<p>&nbsp;<\/p>","protected":false},"featured_media":2686,"template":"","meta":[],"product_cat":[50],"product_tag":[],"_links":{"self":[{"href":"https:\/\/cherrymoon.eu\/sk\/wp-json\/wp\/v2\/product\/2684"}],"collection":[{"href":"https:\/\/cherrymoon.eu\/sk\/wp-json\/wp\/v2\/product"}],"about":[{"href":"https:\/\/cherrymoon.eu\/sk\/wp-json\/wp\/v2\/types\/product"}],"wp:featuredmedia":[{"embeddable":true,"href":"https:\/\/cherrymoon.eu\/sk\/wp-json\/wp\/v2\/media\/2686"}],"wp:attachment":[{"href":"https:\/\/cherrymoon.eu\/sk\/wp-json\/wp\/v2\/media?parent=2684"}],"wp:term":[{"taxonomy":"product_cat","embeddable":true,"href":"https:\/\/cherrymoon.eu\/sk\/wp-json\/wp\/v2\/product_cat?post=2684"},{"taxonomy":"product_tag","embeddable":true,"href":"https:\/\/cherrymoon.eu\/sk\/wp-json\/wp\/v2\/product_tag?post=2684"}],"curies":[{"name":"wp","href":"https:\/\/api.w.org\/{rel}","templated":true}]}}