{"id":2726,"date":"2021-03-23T04:30:13","date_gmt":"2021-03-23T01:30:13","guid":{"rendered":"https:\/\/cherrymoon.eu\/?post_type=product&#038;p=2726"},"modified":"2021-11-30T22:43:06","modified_gmt":"2021-11-30T20:43:06","slug":"sun-and-moon-face-mask","status":"publish","type":"product","link":"https:\/\/cherrymoon.eu\/sk\/produkt\/sun-and-moon-face-mask\/","title":{"rendered":"Sun and Moon ochrann\u00e9 r\u00fa\u0161ko"},"content":{"rendered":"<p>Udr\u017euje tv\u00e1r \u010derstv\u00fa, such\u00fa a bez z\u00e1pachu.<\/p>\n<p>Sklad\u00e1 sa plocho, ka\u017ed\u00e1 maska je zabalen\u00e1 vo vn\u00fatri samostatn\u00e9ho hygienick\u00e9ho poly vrecka.<\/p>\n<p>Elastick\u00e9 slu\u010dky na u\u0161i s nastavova\u010dom pre dokonal\u00e9 uchytenie.<\/p>\n<p><strong>Opatrn\u00e1 a \u0161etrn\u00e1 manipul\u00e1cia. Pra\u0165 ru\u010dne pri teplote max. 30\u00b0C. Ne\u010disti\u0165 chemicky. Pou\u017e\u00edva\u0165 pracie prostriedky bez obsahu chl\u00f3ru a bieliacich prostriedkov. Nebieli\u0165. Nesu\u0161i\u0165 v su\u0161i\u010dke.<br \/>\nNeskr\u00facajte, ne\u017em\u00fdkajte. Su\u0161te naplocho, vo\u013ene rozlo\u017een\u00e9.<br \/>\nShine Bright Day 2 Night!<\/strong><\/p>\n<p>&nbsp;<\/p>","protected":false},"excerpt":{"rendered":"<p><strong><span class=\"\" title=\"Edited\">Ochrann\u00e9 antibakteri\u00e1lne dvojvrstvov\u00e9 r\u00fa\u0161ko so vzorom na oboch stran\u00e1ch.<\/span><\/strong><\/p>\n<p><span class=\"\" title=\"Edited\">100% m\u00e4kk\u00e1 bavlna pre maxim\u00e1lne celodenn\u00e9 pohodlie.<br \/>\nZab\u00edja 99,9% bakt\u00e9ri\u00ed a reguluje mno\u017estvo mikroorganizmov sp\u00f4sobuj\u00facich z\u00e1pach.<br \/>\n<\/span><\/p>","protected":false},"featured_media":3456,"template":"","meta":[],"product_cat":[51],"product_tag":[],"_links":{"self":[{"href":"https:\/\/cherrymoon.eu\/sk\/wp-json\/wp\/v2\/product\/2726"}],"collection":[{"href":"https:\/\/cherrymoon.eu\/sk\/wp-json\/wp\/v2\/product"}],"about":[{"href":"https:\/\/cherrymoon.eu\/sk\/wp-json\/wp\/v2\/types\/product"}],"wp:featuredmedia":[{"embeddable":true,"href":"https:\/\/cherrymoon.eu\/sk\/wp-json\/wp\/v2\/media\/3456"}],"wp:attachment":[{"href":"https:\/\/cherrymoon.eu\/sk\/wp-json\/wp\/v2\/media?parent=2726"}],"wp:term":[{"taxonomy":"product_cat","embeddable":true,"href":"https:\/\/cherrymoon.eu\/sk\/wp-json\/wp\/v2\/product_cat?post=2726"},{"taxonomy":"product_tag","embeddable":true,"href":"https:\/\/cherrymoon.eu\/sk\/wp-json\/wp\/v2\/product_tag?post=2726"}],"curies":[{"name":"wp","href":"https:\/\/api.w.org\/{rel}","templated":true}]}}