{"id":2881,"date":"2021-03-29T02:07:17","date_gmt":"2021-03-28T23:07:17","guid":{"rendered":"https:\/\/cherrymoon.eu\/?post_type=product&#038;p=2881"},"modified":"2022-04-19T16:20:03","modified_gmt":"2022-04-19T14:20:03","slug":"dream-tote-bag","status":"publish","type":"product","link":"https:\/\/cherrymoon.eu\/sk\/produkt\/dream-tote-bag\/","title":{"rendered":"Dream n\u00e1kupn\u00e1 ta\u0161ka"},"content":{"rendered":"","protected":false},"excerpt":{"rendered":"<p><strong>Vzor v kry\u0161t\u00e1lovom preveden\u00ed.<br \/>\n<\/strong><\/p>\n<p>\u00da\u017easn\u00e1 a leskl\u00e1, <span class=\"VIiyi\" lang=\"en\"><span class=\"JLqJ4b ChMk0b\" data-language-for-alternatives=\"en\" data-language-to-translate-into=\"sk\" data-phrase-index=\"0\">praktick\u00e1 a skladn\u00e1.<\/span><\/span><\/p>\n<p>100 % bavlna.<\/p>\n<p><span class=\"VIiyi\" lang=\"en\"><span class=\"JLqJ4b ChMk0b\" data-language-for-alternatives=\"en\" data-language-to-translate-into=\"sk\" data-phrase-index=\"2\">D\u013a\u017eka popruhov vhodn\u00e1 pre nosenie v ruke aj cez rameno.<\/span><\/span><\/p>\n<p><span class=\"VIiyi\" lang=\"en\"><span class=\"JLqJ4b ChMk0b C1N51c\" data-language-for-alternatives=\"en\" data-language-to-translate-into=\"sk\" data-phrase-index=\"4\">Rozmery ta\u0161ky 45 x 40 cm, popruhy 70 x 2,5 cm.<\/span><\/span><\/p>","protected":false},"featured_media":3469,"template":"","meta":[],"product_cat":[32],"product_tag":[],"_links":{"self":[{"href":"https:\/\/cherrymoon.eu\/sk\/wp-json\/wp\/v2\/product\/2881"}],"collection":[{"href":"https:\/\/cherrymoon.eu\/sk\/wp-json\/wp\/v2\/product"}],"about":[{"href":"https:\/\/cherrymoon.eu\/sk\/wp-json\/wp\/v2\/types\/product"}],"wp:featuredmedia":[{"embeddable":true,"href":"https:\/\/cherrymoon.eu\/sk\/wp-json\/wp\/v2\/media\/3469"}],"wp:attachment":[{"href":"https:\/\/cherrymoon.eu\/sk\/wp-json\/wp\/v2\/media?parent=2881"}],"wp:term":[{"taxonomy":"product_cat","embeddable":true,"href":"https:\/\/cherrymoon.eu\/sk\/wp-json\/wp\/v2\/product_cat?post=2881"},{"taxonomy":"product_tag","embeddable":true,"href":"https:\/\/cherrymoon.eu\/sk\/wp-json\/wp\/v2\/product_tag?post=2881"}],"curies":[{"name":"wp","href":"https:\/\/api.w.org\/{rel}","templated":true}]}}