{"id":2977,"date":"2021-04-02T02:11:30","date_gmt":"2021-04-01T23:11:30","guid":{"rendered":"https:\/\/cherrymoon.eu\/?post_type=product&#038;p=2977"},"modified":"2022-04-04T22:55:16","modified_gmt":"2022-04-04T20:55:16","slug":"midnight-orchid","status":"publish","type":"product","link":"https:\/\/cherrymoon.eu\/sk\/produkt\/midnight-orchid\/","title":{"rendered":"Midnight Orchid Tri\u010dko"},"content":{"rendered":"<p><span class=\"VIiyi\" lang=\"en\"><span class=\"JLqJ4b ChMk0b\" data-language-for-alternatives=\"en\" data-language-to-translate-into=\"sk\" data-phrase-index=\"0\">\u010cerven\u00e1, farba krvi a oh\u0148a, sa sp\u00e1ja s v\u00fdznammi l\u00e1ska, v\u00e1\u0161e\u0148, t\u00fa\u017eba, teplo, romantika, rados\u0165 a sila.<\/span> <span class=\"JLqJ4b ChMk0b\" data-language-for-alternatives=\"en\" data-language-to-translate-into=\"sk\" data-phrase-index=\"2\">\u010cierne trblietky ako symbol oblohy plnej hviezd.<\/span><\/span><\/p>\n<p>Vyroben\u00e9 zo 100% vysoko kvalitnej bavlny.<br \/>\nOversize tri\u010dko s odrezan\u00fdm golierom a<br \/>\n<span class=\"aCOpRe\"> odhalen\u00fdmi ramenami.<\/span>.<br \/>\n<strong>One size<\/strong>, fits XS, S, M, L.<br \/>\nModelka m\u00e1 170 cm a be\u017ene nos\u00ed ve\u013ekos\u0165 S.<\/p>\n<p>\u0160\u00edrka - 55 cm.<br \/>\nD\u013a\u017eka  - 74 cm.<br \/>\nD\u013a\u017eka ruk\u00e1va - 23 cm.<\/p>\n<p><strong>Opatrn\u00e1 a \u0161etrn\u00e1 manipul\u00e1cia. Pra\u0165 ru\u010dne pri teplote max. 30\u00b0C. Ne\u010disti\u0165 chemicky. Pou\u017e\u00edva\u0165 pracie prostriedky bez obsahu chl\u00f3ru a bieliacich prostriedkov. Nebieli\u0165. Nesu\u0161i\u0165 v su\u0161i\u010dke.<br \/>\nNeskr\u00facajte, ne\u017em\u00fdkajte. Su\u0161te naplocho, vo\u013ene rozlo\u017een\u00e9.<br \/>\n\u017dehli\u0165 prevr\u00e1ten\u00e9 potla\u010dou dovn\u00fatra pri n\u00edzkej teplote, max 110\u00b0C. Najlep\u0161ie cez papier na pe\u010denie.<br \/>\nShine Bright Day 2 Night!<\/strong><\/p>\n<p>&nbsp;<\/p>","protected":false},"excerpt":{"rendered":"<p><b>\u010cerven\u00e9 tri\u010dko + \u010cierne trblietky\u00a0<\/b><\/p>\n<p><span class=\"\" title=\"Edited\"><span class=\"d2edcug0 hpfvmrgz qv66sw1b c1et5uql lr9zc1uh a8c37x1j keod5gw0 nxhoafnm aigsh9s9 d3f4x2em fe6kdd0r mau55g9w c8b282yb iv3no6db jq4qci2q a3bd9o3v knj5qynh oo9gr5id\" dir=\"auto\"><span class=\"VIiyi\" lang=\"en\"><span class=\"JLqJ4b ChMk0b\" data-language-for-alternatives=\"en\" data-language-to-translate-into=\"sk\" data-phrase-index=\"0\">Polno\u010dn\u00e1 orchidea kvitne v \u010dase, ke\u010f v\u00e4\u010d\u0161ina \u013eud\u00ed sp\u00ed a je hlboko vo svojich snoch.<\/span><\/span> <\/span><\/span><\/p>\n<div class=\"D6j0vc\">\n<div id=\"center_col\">\n<div id=\"taw\">\n<div><strong><span class=\"\" title=\"Edited\"><span class=\"VIiyi\" lang=\"en\"><span class=\"JLqJ4b ChMk0b\" data-language-for-alternatives=\"en\" data-language-to-translate-into=\"auto\" data-phrase-index=\"0\"><span class=\"JLqJ4b ChMk0b\" data-language-for-alternatives=\"en\" data-language-to-translate-into=\"sk\" data-phrase-index=\"0\">Symboly symbol l\u00e1sky, vz\u00e1cnej kr\u00e1sy, sily, bohatstva a tajomstv\u00e1. <\/span> <\/span><\/span> <\/span><\/strong><\/div>\n<div id=\"tvcap\"><\/div>\n<\/div>\n<div id=\"res\" class=\"eqAnXb\" role=\"main\">\n<div id=\"topstuff\"><\/div>\n<div id=\"search\">\n<div data-hveid=\"CCYQNQ\" data-ved=\"2ahUKEwid47q0h8XvAhVOeMAKHUUCDcUQGnoECCYQNQ\"><\/div>\n<\/div>\n<\/div>\n<\/div>\n<\/div>\n<div class=\"ULSxyf\">\n<div class=\"g mnr-c g-blk\" lang=\"ru-SK\" data-hveid=\"CCEQAA\" data-ved=\"2ahUKEwid47q0h8XvAhVOeMAKHUUCDcUQjDYoAHoECCEQAA\">\n<div class=\"kp-blk c2xzTb\">\n<div class=\"xpdopen\">\n<div class=\"ifM9O\"><\/div>\n<\/div>\n<\/div>\n<\/div>\n<\/div>\n<div class=\"wDYxhc NFQFxe oHglmf xzPb7d viOShc\" lang=\"ru-SK\" data-md=\"32\">\n<div id=\"media_result_group\" class=\"kno-mrg-si kno-mrg kno-swp\" data-hveid=\"CBIQAQ\">\n<div class=\"kno-fiu kno-liu\">\n<div data-count=\"1\" data-hveid=\"CAsQAA\">\n<div>\n<div>\n<div class=\"umyQi\" data-h=\"130\" data-nr=\"1\">\n<div class=\"eA0Zlc ivg-i img-kc-m PZPZlf\" data-attrid=\"image\" data-docid=\"yqhEUEVuVB2eiM\" data-lpage=\"https:\/\/www.yogiapproved.com\/life\/moon-phases-meanings-impact\/\" data-ved=\"2ahUKEwid47q0h8XvAhVOeMAKHUUCDcUQzkx6BAgIEAA\">\n<div class=\"fWhgmd\"><\/div>\n<\/div>\n<\/div>\n<\/div>\n<\/div>\n<\/div>\n<\/div>\n<\/div>\n<\/div>\n<div class=\"wDYxhc\" lang=\"ru-SK\" data-md=\"61\">\n<div class=\"LGOjhe\" role=\"heading\" data-attrid=\"wa:\/description\" aria-level=\"3\" data-hveid=\"CAUQAA\"><span class=\"ILfuVd\"><span class=\"hgKElc\">\u00a0<\/span><\/span><\/div>\n<\/div>\n<p><span class=\"\" title=\"Edited\">\u00a0<\/span><\/p>\n<p>&nbsp;<\/p>","protected":false},"featured_media":2993,"template":"","meta":[],"product_cat":[50],"product_tag":[],"_links":{"self":[{"href":"https:\/\/cherrymoon.eu\/sk\/wp-json\/wp\/v2\/product\/2977"}],"collection":[{"href":"https:\/\/cherrymoon.eu\/sk\/wp-json\/wp\/v2\/product"}],"about":[{"href":"https:\/\/cherrymoon.eu\/sk\/wp-json\/wp\/v2\/types\/product"}],"wp:featuredmedia":[{"embeddable":true,"href":"https:\/\/cherrymoon.eu\/sk\/wp-json\/wp\/v2\/media\/2993"}],"wp:attachment":[{"href":"https:\/\/cherrymoon.eu\/sk\/wp-json\/wp\/v2\/media?parent=2977"}],"wp:term":[{"taxonomy":"product_cat","embeddable":true,"href":"https:\/\/cherrymoon.eu\/sk\/wp-json\/wp\/v2\/product_cat?post=2977"},{"taxonomy":"product_tag","embeddable":true,"href":"https:\/\/cherrymoon.eu\/sk\/wp-json\/wp\/v2\/product_tag?post=2977"}],"curies":[{"name":"wp","href":"https:\/\/api.w.org\/{rel}","templated":true}]}}