{"id":3386,"date":"2021-11-29T10:49:58","date_gmt":"2021-11-29T08:49:58","guid":{"rendered":"https:\/\/cherrymoon.eu\/?post_type=product&#038;p=3386"},"modified":"2023-01-27T00:00:38","modified_gmt":"2023-01-26T22:00:38","slug":"personalized-pillow","status":"publish","type":"product","link":"https:\/\/cherrymoon.eu\/sk\/produkt\/personalized-pillow\/","title":{"rendered":"Personalizovan\u00fd vank\u00fa\u0161"},"content":{"rendered":"<p>Personalizovan\u00fd vank\u00fa\u0161 s ve\u013ek\u00fdm kaligrafick\u00fdm p\u00edsmenom a kr\u00eddlom.<br \/>\nBiela, \u010dierna alebo V\u00ednov\u00e1 farba.<br \/>\nVe\u013emi m\u00e4ku\u010dk\u00fd, ako ply\u0161ov\u00e1 hra\u010dka.<\/p>\n<p>Perfektn\u00fd dar\u010dek na ka\u017ed\u00fa pr\u00edle\u017eitos\u0165!<\/p>\n<p>Po\u017eadovan\u00fa farbu\/p\u00edsmeno pridajte do pozn\u00e1mky k objedn\u00e1vke alebo n\u00e1s kontaktujte cez e-mail\/whatsapp.<\/p>\n<p>Ve\u013ekos\u0165: 40cm x 40cm \/ 16\u2033x16\u2033<\/p>\n<p>Materi\u00e1l: mikroply\u0161<\/p>\n<p>Nevidite\u013en\u00fd zips na okraji<\/p>\n<p>Pokyny pre pranie: Pra\u0165 obr\u00e1ten\u00e9 s uzatvorenym zipsom pri teplote 30\u00b0, neutr\u00e1lny \u010distiaci prostriedok. Tmav\u00e9 a svetl\u00e9 farby perte oddelene. Nebieli\u0165. \u017diadne \u017eehlenie.<\/p>","protected":false},"excerpt":{"rendered":"<p>Personalizovan\u00fd ply\u0161ov\u00fd vank\u00fa\u0161 s trblietavou zlatou aplik\u00e1ciou .<\/p>\n<p>Perfektn\u00fd dar\u010dek na ka\u017ed\u00fa pr\u00edle\u017eitos\u0165!<\/p>\n<p>&nbsp;<\/p>\n<p>&nbsp;<\/p>\n<p>&nbsp;<\/p>","protected":false},"featured_media":3508,"template":"","meta":[],"product_cat":[96],"product_tag":[],"_links":{"self":[{"href":"https:\/\/cherrymoon.eu\/sk\/wp-json\/wp\/v2\/product\/3386"}],"collection":[{"href":"https:\/\/cherrymoon.eu\/sk\/wp-json\/wp\/v2\/product"}],"about":[{"href":"https:\/\/cherrymoon.eu\/sk\/wp-json\/wp\/v2\/types\/product"}],"wp:featuredmedia":[{"embeddable":true,"href":"https:\/\/cherrymoon.eu\/sk\/wp-json\/wp\/v2\/media\/3508"}],"wp:attachment":[{"href":"https:\/\/cherrymoon.eu\/sk\/wp-json\/wp\/v2\/media?parent=3386"}],"wp:term":[{"taxonomy":"product_cat","embeddable":true,"href":"https:\/\/cherrymoon.eu\/sk\/wp-json\/wp\/v2\/product_cat?post=3386"},{"taxonomy":"product_tag","embeddable":true,"href":"https:\/\/cherrymoon.eu\/sk\/wp-json\/wp\/v2\/product_tag?post=3386"}],"curies":[{"name":"wp","href":"https:\/\/api.w.org\/{rel}","templated":true}]}}