{"id":3510,"date":"2022-01-17T15:30:33","date_gmt":"2022-01-17T13:30:33","guid":{"rendered":"https:\/\/cherrymoon.eu\/?post_type=product&#038;p=3510"},"modified":"2024-12-06T17:11:54","modified_gmt":"2024-12-06T15:11:54","slug":"be-original-hoodie","status":"publish","type":"product","link":"https:\/\/cherrymoon.eu\/sk\/produkt\/be-original-hoodie\/","title":{"rendered":"Be Original Mikina"},"content":{"rendered":"<p><strong>P\u00fatav\u00e1 a jedine\u010dn\u00e1 vec vyroben\u00e1 s l\u00e1skou, pozit\u00edvnou energiou a trochou m\u00e1gie. <\/strong><\/p>\n<p>Vysok\u00e1 kvalita, 60% bavlna a 40% polyester.<br \/>\nUni ve\u013ekos\u0165, oversize, dlh\u00e1. Sed\u00ed na S, M, L.<br \/>\nModelka je vysok\u00e1 170 cm a be\u017ene nos\u00ed ve\u013ekos\u0165 S\/M.<\/p>\n<p>\u0160\u00edrka - 60 cm \/ 23 palcov<br \/>\nD\u013a\u017eka - 80 cm \/ 31 palcov<br \/>\nD\u013a\u017eka ruk\u00e1va \u2013 54 cm \/ 21 palcov<\/p>\n<p>Vo\u013en\u00e1 mikina. Pod\u0161it\u00e1 kapuc\u0148a s tunelov\u00fdm s\u0165ahovan\u00edm.<\/p>\n<p>Klokanie vrecko, padnut\u00e9 plecia, dlh\u00e9 ruk\u00e1vy a bo\u010dn\u00e9 rozparky. Rebrovan\u00e9 man\u017eety aj spodn\u00fd lem.<\/p>\n<p>Vn\u00fatorn\u00e1 strana z m\u00e4kk\u00e9ho \u010desan\u00e9ho materi\u00e1lu.<\/p>\n<p><strong>Opatrn\u00e1 a \u0161etrn\u00e1 manipul\u00e1cia. Pra\u0165 ru\u010dne pri teplote max. 30\u00b0C. Ne\u010disti\u0165 chemicky. Pou\u017e\u00edva\u0165 pracie prostriedky bez obsahu chl\u00f3ru a bieliacich prostriedkov. Nebieli\u0165. Nesu\u0161i\u0165 v su\u0161i\u010dke.<br \/>\nWarm Hand wash or Machine wash under 40 degrees.<br \/>\n\u017dehli\u0165 prevr\u00e1ten\u00e9 potla\u010dou dovn\u00fatra pri n\u00edzkej teplote, max 110\u00b0C. Najlep\u0161ie cez papier na pe\u010denie.<br \/>\nShine Bright Day 2 Night!<\/strong><\/p>\n<p>&nbsp;<\/p>","protected":false},"excerpt":{"rendered":"<p><strong><span class=\"\" title=\"Edited\">Be Original.<\/span><\/strong><span class=\"\" title=\"Edited\"><br \/>\n<\/span><span class=\"ILfuVd\"><span class=\"hgKElc\"><span class=\"ILfuVd NA6bn\">Nov\u00e1 2022 origin\u00e1ln\u00e1 a jedine\u010dn\u00e1 oversize mikina s bielymi anjelsk\u00fdmi kr\u00eddlami na ruk\u00e1voch. <\/span><\/span><\/span><\/p>\n<p>Be original. Don&#8217;t copy. Stand out from the crowd in Cherry Moon style<strong>.<\/strong><\/p>\n<p>&nbsp;<\/p>\n<div id=\"tvcap\"><\/div>\n<div class=\"D6j0vc\">\n<div id=\"center_col\">\n<div id=\"res\" class=\"eqAnXb\" role=\"main\">\n<div id=\"topstuff\"><\/div>\n<div id=\"search\">\n<div data-hveid=\"CCYQNQ\" data-ved=\"2ahUKEwid47q0h8XvAhVOeMAKHUUCDcUQGnoECCYQNQ\"><\/div>\n<\/div>\n<\/div>\n<\/div>\n<\/div>\n<div class=\"ULSxyf\">\n<div class=\"g mnr-c g-blk\" lang=\"ru-SK\" data-hveid=\"CCEQAA\" data-ved=\"2ahUKEwid47q0h8XvAhVOeMAKHUUCDcUQjDYoAHoECCEQAA\">\n<div class=\"kp-blk c2xzTb\">\n<div class=\"xpdopen\">\n<div class=\"ifM9O\"><\/div>\n<\/div>\n<\/div>\n<\/div>\n<\/div>\n<div class=\"wDYxhc NFQFxe oHglmf xzPb7d viOShc\" lang=\"ru-SK\" data-md=\"32\">\n<div id=\"media_result_group\" class=\"kno-mrg-si kno-mrg kno-swp\" data-hveid=\"CBIQAQ\">\n<div class=\"kno-fiu kno-liu\">\n<div data-count=\"1\" data-hveid=\"CAsQAA\">\n<div>\n<div>\n<div class=\"umyQi\" data-h=\"130\" data-nr=\"1\">\n<div class=\"eA0Zlc ivg-i img-kc-m PZPZlf\" data-attrid=\"image\" data-docid=\"yqhEUEVuVB2eiM\" data-lpage=\"https:\/\/www.yogiapproved.com\/life\/moon-phases-meanings-impact\/\" data-ved=\"2ahUKEwid47q0h8XvAhVOeMAKHUUCDcUQzkx6BAgIEAA\">\n<div class=\"fWhgmd\"><\/div>\n<\/div>\n<\/div>\n<\/div>\n<\/div>\n<\/div>\n<\/div>\n<\/div>\n<\/div>\n<div class=\"wDYxhc\" lang=\"ru-SK\" data-md=\"61\">\n<div class=\"LGOjhe\" role=\"heading\" data-attrid=\"wa:\/description\" aria-level=\"3\" data-hveid=\"CAUQAA\"><span class=\"ILfuVd\"><span class=\"hgKElc\">\u00a0<\/span><\/span><\/div>\n<\/div>\n<p><span class=\"\" title=\"Edited\">\u00a0<\/span><\/p>\n<p>&nbsp;<\/p>","protected":false},"featured_media":3511,"template":"","meta":[],"product_cat":[97],"product_tag":[],"_links":{"self":[{"href":"https:\/\/cherrymoon.eu\/sk\/wp-json\/wp\/v2\/product\/3510"}],"collection":[{"href":"https:\/\/cherrymoon.eu\/sk\/wp-json\/wp\/v2\/product"}],"about":[{"href":"https:\/\/cherrymoon.eu\/sk\/wp-json\/wp\/v2\/types\/product"}],"wp:featuredmedia":[{"embeddable":true,"href":"https:\/\/cherrymoon.eu\/sk\/wp-json\/wp\/v2\/media\/3511"}],"wp:attachment":[{"href":"https:\/\/cherrymoon.eu\/sk\/wp-json\/wp\/v2\/media?parent=3510"}],"wp:term":[{"taxonomy":"product_cat","embeddable":true,"href":"https:\/\/cherrymoon.eu\/sk\/wp-json\/wp\/v2\/product_cat?post=3510"},{"taxonomy":"product_tag","embeddable":true,"href":"https:\/\/cherrymoon.eu\/sk\/wp-json\/wp\/v2\/product_tag?post=3510"}],"curies":[{"name":"wp","href":"https:\/\/api.w.org\/{rel}","templated":true}]}}