{"id":3535,"date":"2022-01-17T19:07:41","date_gmt":"2022-01-17T17:07:41","guid":{"rendered":"https:\/\/cherrymoon.eu\/?post_type=product&#038;p=3535"},"modified":"2023-01-26T23:59:59","modified_gmt":"2023-01-26T21:59:59","slug":"cupid-pillow","status":"publish","type":"product","link":"https:\/\/cherrymoon.eu\/sk\/produkt\/cupid-pillow\/","title":{"rendered":"Cupid Vank\u00fa\u0161"},"content":{"rendered":"<p>Cupid Vank\u00fa\u0161 s v\u00fdpl\u0148ou.<br \/>\n\u010cierny alebo biely ply\u0161ov\u00fd vank\u00fa\u0161 s \u010dervenou a zlatou trblietavou aplik\u00e1ciou.<br \/>\nVe\u013emi m\u00e4ku\u010dk\u00fd, ako ply\u0161ov\u00e1 hra\u010dka.<\/p>\n<p>Ve\u013ekos\u0165: 40cm x 40cm \/ 16\u2033x16\u2033<\/p>\n<p>Materi\u00e1l: mikroply\u0161<\/p>\n<p>Nevidite\u013en\u00fd zips na okraji<\/p>\n<p>Pokyny pre pranie: Pra\u0165 obr\u00e1ten\u00e9 s uzatvorenym zipsom pri teplote 30\u00b0, neutr\u00e1lny \u010distiaci prostriedok. Tmav\u00e9 a svetl\u00e9 farby perte oddelene. Nebieli\u0165. \u017diadne \u017eehlenie.<\/p>","protected":false},"excerpt":{"rendered":"<p>Ply\u0161ov\u00fd vank\u00fa\u0161 Cupid s aplik\u00e1ciou v trblietavej \u010dervenej a zlatej farbe.<\/p>\n<p>Perfektn\u00fd dar\u010dek na ka\u017ed\u00fa pr\u00edle\u017eitos\u0165!<\/p>\n<p>&nbsp;<\/p>\n<p>&nbsp;<\/p>\n<p>&nbsp;<\/p>","protected":false},"featured_media":3538,"template":"","meta":[],"product_cat":[96],"product_tag":[],"_links":{"self":[{"href":"https:\/\/cherrymoon.eu\/sk\/wp-json\/wp\/v2\/product\/3535"}],"collection":[{"href":"https:\/\/cherrymoon.eu\/sk\/wp-json\/wp\/v2\/product"}],"about":[{"href":"https:\/\/cherrymoon.eu\/sk\/wp-json\/wp\/v2\/types\/product"}],"wp:featuredmedia":[{"embeddable":true,"href":"https:\/\/cherrymoon.eu\/sk\/wp-json\/wp\/v2\/media\/3538"}],"wp:attachment":[{"href":"https:\/\/cherrymoon.eu\/sk\/wp-json\/wp\/v2\/media?parent=3535"}],"wp:term":[{"taxonomy":"product_cat","embeddable":true,"href":"https:\/\/cherrymoon.eu\/sk\/wp-json\/wp\/v2\/product_cat?post=3535"},{"taxonomy":"product_tag","embeddable":true,"href":"https:\/\/cherrymoon.eu\/sk\/wp-json\/wp\/v2\/product_tag?post=3535"}],"curies":[{"name":"wp","href":"https:\/\/api.w.org\/{rel}","templated":true}]}}