{"id":3588,"date":"2022-03-03T21:50:56","date_gmt":"2022-03-03T19:50:56","guid":{"rendered":"https:\/\/cherrymoon.eu\/?post_type=product&#038;p=3588"},"modified":"2023-01-26T23:59:59","modified_gmt":"2023-01-26T21:59:59","slug":"dove-of-peace-pillow","status":"publish","type":"product","link":"https:\/\/cherrymoon.eu\/sk\/produkt\/dove-of-peace-pillow\/","title":{"rendered":"Holubica Mieru Vank\u00fa\u0161"},"content":{"rendered":"<p>Holubica Mieru Vank\u00fa\u0161<br \/>\n<span class=\"VIiyi\" lang=\"en\"><span class=\"JLqJ4b ChMk0b\" data-language-for-alternatives=\"en\" data-language-to-translate-into=\"ru\" data-phrase-index=\"0\" data-number-of-phrases=\"1\">Tyrkysov\u00fd<\/span><\/span> ply\u0161ov\u00fd vank\u00fa\u0161ik s bielou holubicou.<br \/>\nVe\u013emi m\u00e4ku\u010dk\u00fd, ako ply\u0161ov\u00e1 hra\u010dka.<\/p>\n<p>Ve\u013ekos\u0165: 40cm x 40cm \/ 16\u2033x16\u2033<\/p>\n<p>Materi\u00e1l: mikroply\u0161<\/p>\n<p>Nevidite\u013en\u00fd zips na okraji<\/p>\n<p>Pokyny pre pranie: Pra\u0165 obr\u00e1ten\u00e9 s uzatvorenym zipsom pri teplote 30\u00b0, neutr\u00e1lny \u010distiaci prostriedok. Tmav\u00e9 a svetl\u00e9 farby perte oddelene. Nebieli\u0165. \u017diadne \u017eehlenie.<\/p>","protected":false},"excerpt":{"rendered":"<p>Tyrkysov\u00fd ply\u0161ov\u00fd vank\u00fa\u0161ik s bielou holubicou.<\/p>\n<p>Holubica je u\u017e tis\u00edcro\u010dia symbolom mieru vo mnoh\u00fdch r\u00f4znych kult\u00farach.<\/p>\n<p>&nbsp;<\/p>\n<p>&nbsp;<\/p>\n<p>&nbsp;<\/p>\n<p>&nbsp;<\/p>","protected":false},"featured_media":3589,"template":"","meta":[],"product_cat":[96],"product_tag":[],"_links":{"self":[{"href":"https:\/\/cherrymoon.eu\/sk\/wp-json\/wp\/v2\/product\/3588"}],"collection":[{"href":"https:\/\/cherrymoon.eu\/sk\/wp-json\/wp\/v2\/product"}],"about":[{"href":"https:\/\/cherrymoon.eu\/sk\/wp-json\/wp\/v2\/types\/product"}],"wp:featuredmedia":[{"embeddable":true,"href":"https:\/\/cherrymoon.eu\/sk\/wp-json\/wp\/v2\/media\/3589"}],"wp:attachment":[{"href":"https:\/\/cherrymoon.eu\/sk\/wp-json\/wp\/v2\/media?parent=3588"}],"wp:term":[{"taxonomy":"product_cat","embeddable":true,"href":"https:\/\/cherrymoon.eu\/sk\/wp-json\/wp\/v2\/product_cat?post=3588"},{"taxonomy":"product_tag","embeddable":true,"href":"https:\/\/cherrymoon.eu\/sk\/wp-json\/wp\/v2\/product_tag?post=3588"}],"curies":[{"name":"wp","href":"https:\/\/api.w.org\/{rel}","templated":true}]}}